{"id":104,"date":"2019-07-13T14:27:14","date_gmt":"2019-07-13T14:27:14","guid":{"rendered":"https:\/\/td-zetale.net\/srnjakovtek\/?page_id=104"},"modified":"2025-07-14T15:55:00","modified_gmt":"2025-07-14T15:55:00","slug":"tek-trojk","status":"publish","type":"page","link":"https:\/\/td-zetale.net\/srnjakovtek\/tek-trojk\/","title":{"rendered":"Tek trojk"},"content":{"rendered":"<p>[et_pb_section fb_built=&#8221;1&#8243; admin_label=&#8221;Hero&#8221; _builder_version=&#8221;3.25.4&#8243; use_background_color_gradient=&#8221;on&#8221; background_color_gradient_start=&#8221;#a258ff&#8221; background_color_gradient_end=&#8221;#308cff&#8221; background_color_gradient_direction=&#8221;146deg&#8221; box_shadow_style=&#8221;preset4&#8243; box_shadow_horizontal=&#8221;0px&#8221; box_shadow_vertical=&#8221;-100px&#8221; box_shadow_color=&#8221;#ffffff&#8221; box_shadow_position=&#8221;inner&#8221; custom_margin=&#8221;|||&#8221; custom_padding=&#8221;124px||26px|||&#8221;][et_pb_row custom_padding=&#8221;||55px|||&#8221; custom_margin=&#8221;||40px|&#8221; _builder_version=&#8221;3.25.4&#8243; background_size=&#8221;initial&#8221; background_position=&#8221;top_left&#8221; background_repeat=&#8221;repeat&#8221;][et_pb_column type=&#8221;4_4&#8243; _builder_version=&#8221;3.25&#8243; custom_padding=&#8221;|||&#8221; custom_padding__hover=&#8221;|||&#8221;][et_pb_text admin_label=&#8221;Title&#8221; _builder_version=&#8221;3.0.105&#8243; text_font=&#8221;||||||||&#8221; header_font=&#8221;Montserrat|500|||||||&#8221; header_text_align=&#8221;center&#8221; header_font_size=&#8221;84px&#8221; background_layout=&#8221;dark&#8221; animation_style=&#8221;zoom&#8221; animation_direction=&#8221;left&#8221; animation_intensity_zoom=&#8221;10%&#8221; header_font_size_tablet=&#8221;50px&#8221; header_font_size_last_edited=&#8221;on|phone&#8221;]<\/p>\n<h1>Tek trojk<\/h1>\n<p>[\/et_pb_text][et_pb_divider color=&#8221;rgba(255,255,255,0.7)&#8221; divider_weight=&#8221;3px&#8221; _builder_version=&#8221;3.2&#8243; max_width=&#8221;100px&#8221; module_alignment=&#8221;center&#8221; animation_style=&#8221;zoom&#8221; animation_direction=&#8221;left&#8221;][\/et_pb_divider][et_pb_text _builder_version=&#8221;3.25.4&#8243; text_font=&#8221;Montserrat|300|||||||&#8221; text_text_color=&#8221;rgba(255,255,255,0.7)&#8221; text_font_size=&#8221;20px&#8221; text_line_height=&#8221;1.8em&#8221; text_orientation=&#8221;center&#8221; background_layout=&#8221;dark&#8221; max_width=&#8221;700px&#8221; module_alignment=&#8221;center&#8221; animation_style=&#8221;zoom&#8221; animation_direction=&#8221;left&#8221; animation_delay=&#8221;100ms&#8221; animation_intensity_zoom=&#8221;10%&#8221;]<\/p>\n<p>Prijatelji, ljubitelji \u0161porta, sodelavci ali poslovni partnerji &#8211; vabljeni, da okrepite ali testirate nivo va\u0161ega sodelovanja.<\/p>\n<p>[\/et_pb_text][et_pb_code _builder_version=&#8221;3.25.4&#8243; custom_margin=&#8221;||32px|||&#8221;][\/et_pb_code][\/et_pb_column][\/et_pb_row][\/et_pb_section][et_pb_section fb_built=&#8221;1&#8243; admin_label=&#8221;About&#8221; _builder_version=&#8221;3.22.3&#8243;][et_pb_row _builder_version=&#8221;3.25&#8243;][et_pb_column type=&#8221;4_4&#8243; _builder_version=&#8221;3.25&#8243; custom_padding=&#8221;|||&#8221; custom_padding__hover=&#8221;|||&#8221;][et_pb_text _builder_version=&#8221;3.0.105&#8243; text_font=&#8221;||||||||&#8221; header_font=&#8221;||||||||&#8221; header_2_font=&#8221;Montserrat|500|||||||&#8221; header_2_font_size=&#8221;30px&#8221; text_orientation=&#8221;center&#8221;]<\/p>\n<h2>Preizkus mo\u010di in sodelovanja<\/h2>\n<p>[\/et_pb_text][et_pb_text _builder_version=&#8221;3.25.4&#8243; text_font=&#8221;Montserrat|300|||||||&#8221; text_text_align=&#8221;center&#8221; text_font_size=&#8221;19px&#8221; text_line_height=&#8221;1.8em&#8221; header_font=&#8221;||||||||&#8221; custom_margin=&#8221;||38px|||&#8221; custom_padding=&#8221;||30px|||&#8221;]<\/p>\n<p data-start=\"1057\" data-end=\"1292\">Tek trojk je edinstvena preizku\u0161nja, kjer \u0161teje timski duh \u2013 vsi trije \u010dlani ekipe morajo skupaj prete\u010di traso in skupaj priti v cilj. Letos bo tek \u0161e bolj razgiban, s popolnoma novo traso, ki se za\u010dne in kon\u010da pri Lovski ko\u010di Tisovec.<\/p>\n<p data-start=\"1294\" data-end=\"1608\">Kro\u017ena pot v dol\u017eini <strong data-start=\"1315\" data-end=\"1332\">6,4 kilometra<\/strong> s skupno <strong data-start=\"1342\" data-end=\"1366\">267 vi\u0161inskimi metri<\/strong> vas vodi po ozkih gozdnih stezah, razglednih slemenih in odmaknjenih kolovozih, kjer se narava \u0161e ni uklonila \u010dasu. Z vsakim kilometrom vas \u010dakajo novi vzponi in tehni\u010dno zanimivi spusti, ki zahtevajo usklajenost ekipe in dobro komunikacijo.<\/p>\n<p data-start=\"1610\" data-end=\"1832\">Trasa je kot nala\u0161\u010d za prijatelje, sodelavce ali \u0161portne zaveznike, ki \u017eelijo preizkusiti svojo povezanost v gibanju. Pot vas bo navdihnila, napolnila z energijo in vas na koncu nagradila s \u010dudovitim ob\u010dutkom dose\u017eka.<\/p>\n<p>[\/et_pb_text][et_pb_image src=&#8221;https:\/\/td-zetale.net\/srnjakovtek\/wp-content\/uploads\/2025\/07\/tek-trojk-3.jpg&#8221; align=&#8221;center&#8221; force_fullwidth=&#8221;on&#8221; _builder_version=&#8221;3.25.4&#8243;][\/et_pb_image][et_pb_divider color=&#8221;#3d8eff&#8221; divider_weight=&#8221;3px&#8221; _builder_version=&#8221;3.2&#8243; max_width=&#8221;100px&#8221; module_alignment=&#8221;center&#8221; height=&#8221;7px&#8221;][\/et_pb_divider][et_pb_video src=&#8221;https:\/\/video.relive.cc\/6945996032571_0ab9a4c4f65c-30c9-5674-f64e-69999a91_relive-tracker_1752391367862.mp4&#8243; _builder_version=&#8221;3.25.4&#8243;][\/et_pb_video][et_pb_text _builder_version=&#8221;3.25.4&#8243; text_font=&#8221;Montserrat|300|||||||&#8221; text_text_align=&#8221;center&#8221; text_font_size=&#8221;19px&#8221; text_line_height=&#8221;1.8em&#8221; header_font=&#8221;||||||||&#8221; custom_margin=&#8221;||38px|||&#8221; custom_padding=&#8221;||30px|||&#8221;]<\/p>\n<p>Obvezna je predhodna prijava trojk, \u0161tartnina zna\u0161a 20 EUR na ekipo. Prijave na dan dogodka so mogo\u010de, a \u0161tartnina zna\u0161a 25 EUR. V primeru, da se prijavljate sami ali v dvojici, nam pi\u0161ite na na\u0161 email naslov.<\/p>\n<p>Vsi tekmovalci dobijo toplo malico, brezalkoholno pija\u010do in promocijsko majico teka. Dogodek bo zdru\u017eil skrb za zdravje, timsko delo in kulinari\u010dno ponudbo regije, hkrati pa bo dogodek del prireditev ob Ob\u010dinskem prazniku Ob\u010dine \u017detale.<\/p>\n<p>[\/et_pb_text][\/et_pb_column][\/et_pb_row][et_pb_row column_structure=&#8221;2_5,3_5&#8243; disabled_on=&#8221;on|on|on&#8221; _builder_version=&#8221;3.25.4&#8243; disabled=&#8221;on&#8221;][et_pb_column type=&#8221;2_5&#8243; _builder_version=&#8221;3.25.4&#8243;][et_pb_image src=&#8221;https:\/\/td-zetale.net\/srnjakovtek\/wp-content\/uploads\/2023\/07\/trasa_trojka.jpg&#8221; _builder_version=&#8221;3.25.4&#8243;][\/et_pb_image][\/et_pb_column][et_pb_column type=&#8221;3_5&#8243; _builder_version=&#8221;3.25.4&#8243;][et_pb_text _builder_version=&#8221;3.25.4&#8243; text_font=&#8221;Montserrat|300|||||||&#8221; text_font_size=&#8221;17px&#8221; text_line_height=&#8221;1.8em&#8221; header_font=&#8221;||||||||&#8221;]<\/p>\n<p><strong>Krog z za\u010detkom pri Kamp restavracija Gladiator<br \/><\/strong><\/p>\n<p>Kro\u017ena trasa poteka po razgibanem halo\u0161kem terenu v razdalji 3.65 km. \u0160tart je pri Kamp restavracija Gladiator, od koder po delno makadamski, delno asfaltni poti naredimo krog po vrhovih halo\u0161kih gri\u010dev, mimo Vinogradni\u0161tva Plajn\u0161ek, kjer zavijemo v dolino na gozdno pot in se tako vrnemo na start. Teka\u010di na progi premagajo 158 vi\u0161inskih metrov, za celotno traso pa potrebujejo od 30 do 45 minut.<\/p>\n<p>[\/et_pb_text][\/et_pb_column][\/et_pb_row][et_pb_row _builder_version=&#8221;3.25.4&#8243;][et_pb_column type=&#8221;4_4&#8243; _builder_version=&#8221;3.25.4&#8243;][\/et_pb_column][\/et_pb_row][\/et_pb_section][et_pb_section fb_built=&#8221;1&#8243; admin_label=&#8221;Register&#8221; _builder_version=&#8221;3.22.3&#8243; use_background_color_gradient=&#8221;on&#8221; background_color_gradient_start=&#8221;#4866ff&#8221; background_color_gradient_end=&#8221;rgba(72,102,255,0.9)&#8221; background_color_gradient_direction=&#8221;240deg&#8221; background_color_gradient_overlays_image=&#8221;on&#8221; background_image=&#8221;https:\/\/td-zetale.net\/srnjakovtek\/wp-content\/uploads\/2019\/07\/running_image_04.jpg&#8221; background_position=&#8221;top_center&#8221; custom_padding=&#8221;90px||90px|&#8221; animation_style=&#8221;slide&#8221; animation_direction=&#8221;bottom&#8221; animation_intensity_slide=&#8221;10%&#8221; animation_starting_opacity=&#8221;100%&#8221;][et_pb_row _builder_version=&#8221;3.25&#8243;][et_pb_column type=&#8221;4_4&#8243; _builder_version=&#8221;3.25&#8243; custom_padding=&#8221;|||&#8221; custom_padding__hover=&#8221;|||&#8221;][et_pb_text admin_label=&#8221;Subtitle&#8221; _builder_version=&#8221;3.25.4&#8243; text_font=&#8221;Montserrat|500||on|||||&#8221; text_orientation=&#8221;center&#8221; background_layout=&#8221;dark&#8221; animation_style=&#8221;fade&#8221;]Prijava[\/et_pb_text][et_pb_text admin_label=&#8221;Title&#8221; _builder_version=&#8221;3.25.4&#8243; text_font=&#8221;||||||||&#8221; header_font=&#8221;||||||||&#8221; header_2_font=&#8221;Montserrat|500|||||||&#8221; header_2_text_align=&#8221;center&#8221; header_2_font_size=&#8221;30px&#8221; background_layout=&#8221;dark&#8221; animation_style=&#8221;fade&#8221;]<\/p>\n<h2>Prijavi trojko<\/h2>\n<p>[\/et_pb_text][et_pb_divider color=&#8221;#ffffff&#8221; divider_weight=&#8221;3px&#8221; _builder_version=&#8221;3.2&#8243; max_width=&#8221;80px&#8221; module_alignment=&#8221;center&#8221; animation_style=&#8221;fade&#8221;][\/et_pb_divider][et_pb_text _builder_version=&#8221;3.25.4&#8243; text_font=&#8221;Montserrat|300|||||||&#8221; text_font_size=&#8221;16px&#8221; text_line_height=&#8221;1.8em&#8221; header_font=&#8221;||||||||&#8221; text_orientation=&#8221;center&#8221; background_layout=&#8221;dark&#8221; max_width=&#8221;700px&#8221; module_alignment=&#8221;center&#8221; custom_margin=&#8221;||70px|&#8221; animation_style=&#8221;fade&#8221;]<\/p>\n<p>\u0160tartnina v predprodaji stane 20 \u20ac na ekipo<\/p>\n<p>[\/et_pb_text][et_pb_button button_url=&#8221;https:\/\/td-zetale.net\/srnjakovtek\/prijava\/&#8221; button_text=&#8221;Prijava&#8221; button_alignment=&#8221;center&#8221; _builder_version=&#8221;3.25.4&#8243; custom_button=&#8221;on&#8221; button_text_size=&#8221;14px&#8221; button_bg_color=&#8221;rgba(0,0,0,0.1)&#8221; button_border_width=&#8221;0px&#8221; button_border_color=&#8221;#405ce6&#8243; button_border_radius=&#8221;55px&#8221; button_font=&#8221;Montserrat|500||on|||||&#8221; background_layout=&#8221;dark&#8221; custom_margin=&#8221;20px|||&#8221; custom_padding=&#8221;20px|45px|20px|45px&#8221; button_text_size__hover_enabled=&#8221;off&#8221; button_one_text_size__hover_enabled=&#8221;off&#8221; button_two_text_size__hover_enabled=&#8221;off&#8221; button_text_color__hover_enabled=&#8221;off&#8221; button_one_text_color__hover_enabled=&#8221;off&#8221; button_two_text_color__hover_enabled=&#8221;off&#8221; button_border_width__hover_enabled=&#8221;off&#8221; button_one_border_width__hover_enabled=&#8221;off&#8221; button_two_border_width__hover_enabled=&#8221;off&#8221; button_border_color__hover_enabled=&#8221;off&#8221; button_one_border_color__hover_enabled=&#8221;off&#8221; button_two_border_color__hover_enabled=&#8221;off&#8221; button_border_radius__hover_enabled=&#8221;off&#8221; button_one_border_radius__hover_enabled=&#8221;off&#8221; button_two_border_radius__hover_enabled=&#8221;off&#8221; button_letter_spacing__hover_enabled=&#8221;off&#8221; button_one_letter_spacing__hover_enabled=&#8221;off&#8221; button_two_letter_spacing__hover_enabled=&#8221;off&#8221; button_bg_color__hover_enabled=&#8221;off&#8221; button_one_bg_color__hover_enabled=&#8221;off&#8221; button_two_bg_color__hover_enabled=&#8221;off&#8221;][\/et_pb_button][\/et_pb_column][\/et_pb_row][\/et_pb_section]<\/p>\n","protected":false},"excerpt":{"rendered":"<p>[et_pb_section fb_built=&#8221;1&#8243; admin_label=&#8221;Hero&#8221; _builder_version=&#8221;3.25.4&#8243; use_background_color_gradient=&#8221;on&#8221; background_color_gradient_start=&#8221;#a258ff&#8221; background_color_gradient_end=&#8221;#308cff&#8221; background_color_gradient_direction=&#8221;146deg&#8221; box_shadow_style=&#8221;preset4&#8243; box_shadow_horizontal=&#8221;0px&#8221; box_shadow_vertical=&#8221;-100px&#8221; box_shadow_color=&#8221;#ffffff&#8221; box_shadow_position=&#8221;inner&#8221; custom_margin=&#8221;|||&#8221; custom_padding=&#8221;124px||26px|||&#8221;][et_pb_row custom_padding=&#8221;||55px|||&#8221; custom_margin=&#8221;||40px|&#8221; _builder_version=&#8221;3.25.4&#8243; background_size=&#8221;initial&#8221; background_position=&#8221;top_left&#8221; background_repeat=&#8221;repeat&#8221;][et_pb_column type=&#8221;4_4&#8243; _builder_version=&#8221;3.25&#8243; custom_padding=&#8221;|||&#8221; custom_padding__hover=&#8221;|||&#8221;][et_pb_text admin_label=&#8221;Title&#8221; _builder_version=&#8221;3.0.105&#8243; text_font=&#8221;||||||||&#8221; header_font=&#8221;Montserrat|500|||||||&#8221; header_text_align=&#8221;center&#8221; header_font_size=&#8221;84px&#8221; background_layout=&#8221;dark&#8221; animation_style=&#8221;zoom&#8221; animation_direction=&#8221;left&#8221; animation_intensity_zoom=&#8221;10%&#8221; header_font_size_tablet=&#8221;50px&#8221; header_font_size_last_edited=&#8221;on|phone&#8221;] Tek trojk [\/et_pb_text][et_pb_divider color=&#8221;rgba(255,255,255,0.7)&#8221; divider_weight=&#8221;3px&#8221; _builder_version=&#8221;3.2&#8243; max_width=&#8221;100px&#8221; module_alignment=&#8221;center&#8221; animation_style=&#8221;zoom&#8221; animation_direction=&#8221;left&#8221;][\/et_pb_divider][et_pb_text _builder_version=&#8221;3.25.4&#8243; text_font=&#8221;Montserrat|300|||||||&#8221; text_text_color=&#8221;rgba(255,255,255,0.7)&#8221; text_font_size=&#8221;20px&#8221; text_line_height=&#8221;1.8em&#8221; text_orientation=&#8221;center&#8221; background_layout=&#8221;dark&#8221; max_width=&#8221;700px&#8221; [&hellip;]<\/p>\n","protected":false},"author":1,"featured_media":0,"parent":0,"menu_order":0,"comment_status":"closed","ping_status":"closed","template":"","meta":{"_et_pb_use_builder":"on","_et_pb_old_content":"","spay_email":""},"_links":{"self":[{"href":"https:\/\/td-zetale.net\/srnjakovtek\/wp-json\/wp\/v2\/pages\/104"}],"collection":[{"href":"https:\/\/td-zetale.net\/srnjakovtek\/wp-json\/wp\/v2\/pages"}],"about":[{"href":"https:\/\/td-zetale.net\/srnjakovtek\/wp-json\/wp\/v2\/types\/page"}],"author":[{"embeddable":true,"href":"https:\/\/td-zetale.net\/srnjakovtek\/wp-json\/wp\/v2\/users\/1"}],"replies":[{"embeddable":true,"href":"https:\/\/td-zetale.net\/srnjakovtek\/wp-json\/wp\/v2\/comments?post=104"}],"version-history":[{"count":24,"href":"https:\/\/td-zetale.net\/srnjakovtek\/wp-json\/wp\/v2\/pages\/104\/revisions"}],"predecessor-version":[{"id":1120,"href":"https:\/\/td-zetale.net\/srnjakovtek\/wp-json\/wp\/v2\/pages\/104\/revisions\/1120"}],"wp:attachment":[{"href":"https:\/\/td-zetale.net\/srnjakovtek\/wp-json\/wp\/v2\/media?parent=104"}],"curies":[{"name":"wp","href":"https:\/\/api.w.org\/{rel}","templated":true}]}}