{"id":1139,"date":"2025-09-08T06:06:43","date_gmt":"2025-09-08T06:06:43","guid":{"rendered":"https:\/\/td-zetale.net\/srnjakovtek\/?page_id=1139"},"modified":"2025-09-08T06:28:48","modified_gmt":"2025-09-08T06:28:48","slug":"rezultati-2025","status":"publish","type":"page","link":"https:\/\/td-zetale.net\/srnjakovtek\/rezultati-2025\/","title":{"rendered":"Rezultati 2025"},"content":{"rendered":"<p>[et_pb_section fb_built=&#8221;1&#8243; admin_label=&#8221;Hero&#8221; _builder_version=&#8221;3.25.4&#8243; use_background_color_gradient=&#8221;on&#8221; background_color_gradient_start=&#8221;#a258ff&#8221; background_color_gradient_end=&#8221;#308cff&#8221; background_color_gradient_direction=&#8221;148deg&#8221; custom_padding=&#8221;90px||30px|&#8221;][et_pb_row custom_margin=&#8221;1px|auto|1px|auto|true|&#8221; _builder_version=&#8221;3.25&#8243; background_size=&#8221;initial&#8221; background_position=&#8221;top_left&#8221; background_repeat=&#8221;repeat&#8221;][et_pb_column type=&#8221;4_4&#8243; _builder_version=&#8221;3.25&#8243; custom_padding=&#8221;|||&#8221; custom_padding__hover=&#8221;|||&#8221;][et_pb_text admin_label=&#8221;Title&#8221; _builder_version=&#8221;3.25.4&#8243; text_font=&#8221;||||||||&#8221; text_text_color=&#8221;#ffffff&#8221; header_font=&#8221;Montserrat|500|||||||&#8221; header_text_align=&#8221;center&#8221; header_text_color=&#8221;#ffffff&#8221; header_font_size=&#8221;84px&#8221; animation_style=&#8221;zoom&#8221; animation_direction=&#8221;left&#8221; animation_intensity_zoom=&#8221;10%&#8221; header_font_size_tablet=&#8221;50px&#8221; header_font_size_last_edited=&#8221;on|phone&#8221;]<\/p>\n<h1>Rezultati 2025<\/h1>\n<p>[\/et_pb_text][et_pb_divider color=&#8221;#ffffff&#8221; divider_weight=&#8221;3px&#8221; _builder_version=&#8221;3.25.4&#8243; max_width=&#8221;100px&#8221; module_alignment=&#8221;center&#8221; animation_style=&#8221;zoom&#8221; animation_direction=&#8221;left&#8221;][\/et_pb_divider][et_pb_text _builder_version=&#8221;3.25.4&#8243; text_font=&#8221;Montserrat|300|||||||&#8221; text_text_color=&#8221;#ffffff&#8221; text_font_size=&#8221;20px&#8221; text_line_height=&#8221;1.8em&#8221; text_orientation=&#8221;center&#8221; max_width=&#8221;700px&#8221; module_alignment=&#8221;center&#8221; animation_style=&#8221;zoom&#8221; animation_direction=&#8221;left&#8221; animation_delay=&#8221;100ms&#8221; animation_intensity_zoom=&#8221;10%&#8221;]Hvala udele\u017eencem, hvala podpornikom ter hvala prostovoljcem.[\/et_pb_text][\/et_pb_column][\/et_pb_row][\/et_pb_section][et_pb_section fb_built=&#8221;1&#8243; admin_label=&#8221;Gallery&#8221; _builder_version=&#8221;3.22.3&#8243; custom_padding=&#8221;24px||90px|||&#8221;][et_pb_row custom_padding=&#8221;||26px|||&#8221; _builder_version=&#8221;3.25.4&#8243; min_height=&#8221;795px&#8221;][et_pb_column type=&#8221;4_4&#8243; _builder_version=&#8221;3.25.4&#8243;][et_pb_text admin_label=&#8221;Title&#8221; _builder_version=&#8221;3.25.4&#8243; text_font=&#8221;||||||||&#8221; header_font=&#8221;||||||||&#8221; header_2_font=&#8221;Montserrat|500|||||||&#8221; header_2_text_align=&#8221;center&#8221; header_2_font_size=&#8221;30px&#8221; custom_margin=&#8221;||1px|||&#8221; animation_style=&#8221;fade&#8221;]<\/p>\n<h2>Rezultati &#8211; 10 km posami\u010dno<\/h2>\n<p>[\/et_pb_text][et_pb_text _builder_version=&#8221;3.25.4&#8243; custom_margin=&#8221;||-3px|||&#8221; custom_padding=&#8221;0px|||||&#8221;]<\/p>\n<p>&nbsp;<\/p>\n<table frame=\"VOID\" cols=\"3\" rules=\"NONE\">\n<colgroup>\n<col width=\"133\" \/>\n<col width=\"126\" \/>\n<col width=\"211\" \/><\/colgroup>\n<tbody>\n<tr>\n<td width=\"133\" height=\"17\" align=\"LEFT\">Mesto<\/td>\n<td width=\"126\" align=\"LEFT\">Ime<\/td>\n<td width=\"211\" align=\"LEFT\" style=\"text-align: right;\">\u010cas<\/td>\n<\/tr>\n<tr>\n<td height=\"17\" align=\"RIGHT\" sdval=\"1\" sdnum=\"1060;\" style=\"text-align: left;\">1<\/td>\n<td align=\"LEFT\"><strong>Gregor Gros<\/strong><\/td>\n<td align=\"RIGHT\" sdval=\"0,0256597222222222\" sdnum=\"1060;0;HH:MM:SS\">00:44:26<\/td>\n<\/tr>\n<tr>\n<td height=\"17\" align=\"RIGHT\" sdval=\"2\" sdnum=\"1060;\" style=\"text-align: left;\">2<\/td>\n<td align=\"LEFT\"><strong>Martin Plav\u010dak<\/strong><\/td>\n<td align=\"RIGHT\" sdval=\"0,0260763888888889\" sdnum=\"1060;0;[HH]:MM:SS\">00:45:23<\/td>\n<\/tr>\n<tr>\n<td height=\"18\" align=\"RIGHT\" sdval=\"3\" sdnum=\"1060;\" style=\"text-align: left;\">3<\/td>\n<td align=\"LEFT\"><strong>Jan Zupani\u010d<\/strong><\/td>\n<td align=\"RIGHT\" sdval=\"0,0281828703703704\" sdnum=\"1060;0;[HH]:MM:SS\">00:45:55<\/td>\n<\/tr>\n<tr>\n<td height=\"17\" align=\"RIGHT\" sdval=\"4\" sdnum=\"1060;\" style=\"text-align: left;\">4<\/td>\n<td align=\"LEFT\"><strong>Peter Esih<\/strong><\/td>\n<td align=\"RIGHT\" sdval=\"0,029375\" sdnum=\"1060;0;[HH]:MM:SS\">00:48:07<\/td>\n<\/tr>\n<tr>\n<td height=\"17\" align=\"RIGHT\" sdval=\"5\" sdnum=\"1060;\" style=\"text-align: left;\">5<\/td>\n<td align=\"LEFT\"><strong>Bo\u0161tjan Kamen\u0161ek<\/strong><\/td>\n<td align=\"RIGHT\" sdval=\"0,0325347222222222\" sdnum=\"1060;0;[HH]:MM:SS\">00:49:13<\/td>\n<\/tr>\n<tr>\n<td height=\"17\" align=\"RIGHT\" sdval=\"6\" sdnum=\"1060;\" style=\"text-align: left;\">6<\/td>\n<td align=\"LEFT\"><strong>Milan Ro\u0161kar<\/strong><\/td>\n<td align=\"RIGHT\" sdval=\"0,034375\" sdnum=\"1060;0;[HH]:MM:SS\">00:50:30<\/td>\n<\/tr>\n<tr>\n<td height=\"17\" align=\"RIGHT\" sdval=\"7\" sdnum=\"1060;\" style=\"text-align: left;\">7<\/td>\n<td align=\"LEFT\"><strong>Matej Podgor\u0161ek<\/strong><\/td>\n<td align=\"RIGHT\" sdval=\"0,0349652777777778\" sdnum=\"1060;0;HH:MM:SS\">00:54:15<\/td>\n<\/tr>\n<tr>\n<td height=\"17\" align=\"RIGHT\" sdval=\"8\" sdnum=\"1060;\" style=\"text-align: left;\">8<\/td>\n<td align=\"LEFT\"><strong>Primo\u017e \u010cre\u0161nik<\/strong><\/td>\n<td align=\"RIGHT\" sdval=\"0,0358333333333333\" sdnum=\"1060;0;[HH]:MM:SS\">00:54:49<\/td>\n<\/tr>\n<tr>\n<td height=\"17\" align=\"RIGHT\" sdval=\"9\" sdnum=\"1060;\" style=\"text-align: left;\">9<\/td>\n<td align=\"LEFT\"><strong>Martin Lovrenko<\/strong><\/td>\n<td align=\"RIGHT\" sdval=\"0,0360648148148148\" sdnum=\"1060;0;[HH]:MM:SS\">00:55:34<\/td>\n<\/tr>\n<tr>\n<td height=\"18\" align=\"RIGHT\" sdval=\"10\" sdnum=\"1060;\" style=\"text-align: left;\">10<\/td>\n<td align=\"LEFT\"><strong>An\u017ee \u0160tajnberger<\/strong><\/td>\n<td align=\"RIGHT\" sdval=\"0,0366203703703704\" sdnum=\"1060;0;HH:MM:SS\">00:56:10<\/td>\n<\/tr>\n<tr>\n<td height=\"18\" align=\"RIGHT\" sdval=\"11\" sdnum=\"1060;\" style=\"text-align: left;\">11<\/td>\n<td align=\"LEFT\"><strong>\u017diga\u00a0 Strelec<\/strong><\/td>\n<td align=\"RIGHT\" sdval=\"0,0366782407407407\" sdnum=\"1060;0;[HH]:MM:SS\">00:57:46<\/td>\n<\/tr>\n<tr>\n<td height=\"18\" align=\"RIGHT\" sdval=\"12\" sdnum=\"1060;\" style=\"text-align: left;\">12<\/td>\n<td align=\"LEFT\"><strong>Andrej \u0160vajger<\/strong><\/td>\n<td align=\"RIGHT\" sdval=\"0,0386574074074074\" sdnum=\"1060;0;[HH]:MM:SS\">00:58:26<\/td>\n<\/tr>\n<tr>\n<td height=\"18\" align=\"RIGHT\" sdval=\"13\" sdnum=\"1060;\" style=\"text-align: left;\">13<\/td>\n<td align=\"LEFT\"><strong>Gorazd Mlinari\u010d<\/strong><\/td>\n<td align=\"RIGHT\" sdval=\"0,0409490740740741\" sdnum=\"1060;0;[HH]:MM:SS\">00:59:13<\/td>\n<\/tr>\n<tr>\n<td height=\"18\" align=\"RIGHT\" sdval=\"14\" sdnum=\"1060;\" style=\"text-align: left;\">14<\/td>\n<td align=\"LEFT\"><strong>Mirjam Koder<\/strong><\/td>\n<td align=\"RIGHT\" sdval=\"0,0409606481481482\" sdnum=\"1060;0;[HH]:MM:SS\">00:59:48<\/td>\n<\/tr>\n<tr>\n<td height=\"17\" align=\"RIGHT\" sdval=\"15\" sdnum=\"1060;\" style=\"text-align: left;\">15<\/td>\n<td align=\"LEFT\"><strong>Ga\u0161per \u0160tajnberger<\/strong><\/td>\n<td align=\"RIGHT\" sdval=\"0,0457638888888889\" sdnum=\"1060;0;HH:MM:SS\">01:02:44<\/td>\n<\/tr>\n<tr>\n<td height=\"17\" align=\"RIGHT\" sdval=\"16\" sdnum=\"1060;\" style=\"text-align: left;\">16<\/td>\n<td align=\"LEFT\"><strong>Barbara Knez<\/strong><\/td>\n<td align=\"RIGHT\" sdval=\"0,0520833333333333\" sdnum=\"1060;0;HH:MM:SS\">01:05:06<\/td>\n<\/tr>\n<tr>\n<td height=\"18\" align=\"RIGHT\" sdval=\"17\" sdnum=\"1060;\" style=\"text-align: left;\">17<\/td>\n<td align=\"LEFT\"><strong>Kevin Slavinec<\/strong><\/td>\n<td align=\"RIGHT\" sdval=\"0,0548611111111111\" sdnum=\"1060;0;HH:MM:SS\">01:05:16<\/td>\n<\/tr>\n<tr>\n<td height=\"17\" align=\"LEFT\">18<\/td>\n<td align=\"LEFT\"><strong>Albin Kodri\u010d<\/strong><\/td>\n<td align=\"LEFT\" style=\"text-align: right;\">01:05:26<\/td>\n<\/tr>\n<\/tbody>\n<\/table>\n<p>&nbsp;<\/p>\n<p>[\/et_pb_text][\/et_pb_column][\/et_pb_row][et_pb_row _builder_version=&#8221;3.25.4&#8243; min_height=&#8221;355px&#8221;][et_pb_column type=&#8221;4_4&#8243; _builder_version=&#8221;3.25.4&#8243;][et_pb_text admin_label=&#8221;Title&#8221; _builder_version=&#8221;3.25.4&#8243; text_font=&#8221;||||||||&#8221; header_font=&#8221;||||||||&#8221; header_2_font=&#8221;Montserrat|500|||||||&#8221; header_2_text_align=&#8221;center&#8221; header_2_font_size=&#8221;30px&#8221; custom_margin=&#8221;||1px|||&#8221; custom_padding=&#8221;||16px|||&#8221; animation_style=&#8221;fade&#8221;]<\/p>\n<h2>Rezultati &#8211; tek trojk (6.4 km)<\/h2>\n<p>[\/et_pb_text][et_pb_text _builder_version=&#8221;3.25.4&#8243;]<\/p>\n<table frame=\"VOID\" cellspacing=\"0\" cols=\"3\" rules=\"NONE\" border=\"0\">\n<colgroup>\n<col width=\"126\" \/>\n<col width=\"91\" \/>\n<col width=\"121\" \/><\/colgroup>\n<tbody>\n<tr>\n<td width=\"126\" height=\"17\" align=\"LEFT\">Mesto<\/td>\n<td width=\"126\" height=\"17\" align=\"LEFT\">Ime<\/td>\n<td width=\"121\" align=\"RIGHT\" sdval=\"0,0158333333333333\" sdnum=\"1060;0;HH:MM:SS\">\u010cas<\/td>\n<\/tr>\n<tr>\n<td width=\"126\" height=\"17\" align=\"LEFT\"><strong>1<\/strong><\/td>\n<td width=\"126\" height=\"17\" align=\"LEFT\"><strong>TD \u017detale<\/strong><\/td>\n<td width=\"121\" align=\"RIGHT\" sdval=\"0,0158333333333333\" sdnum=\"1060;0;HH:MM:SS\">00:38:33<\/td>\n<\/tr>\n<tr>\n<td height=\"18\" align=\"LEFT\"><strong>2<\/strong><\/td>\n<td height=\"18\" align=\"LEFT\"><strong>\u017detalski velikani<\/strong><\/td>\n<td align=\"RIGHT\" sdval=\"0,0175925925925926\" sdnum=\"1060;0;HH:MM:SS\">00:41:33<\/td>\n<\/tr>\n<tr>\n<td height=\"18\" align=\"LEFT\"><strong>3<\/strong><\/td>\n<td height=\"18\" align=\"LEFT\"><strong>Srnjaki z Luksenforfa<\/strong><\/td>\n<td align=\"RIGHT\" sdval=\"0,0183333333333333\" sdnum=\"1060;0;HH:MM:SS\">00:45:13<\/td>\n<\/tr>\n<tr>\n<td height=\"18\" align=\"LEFT\"><strong>4<\/strong><\/td>\n<td height=\"18\" align=\"LEFT\"><strong>Zgubleni<\/strong><\/td>\n<td align=\"RIGHT\" sdval=\"0,0189699074074074\" sdnum=\"1060;0;HH:MM:SS\">00:53:02<\/td>\n<\/tr>\n<tr>\n<td height=\"17\" align=\"LEFT\"><strong>5<\/strong><\/td>\n<td height=\"17\" align=\"LEFT\"><strong>\u017detalski Krampusi<\/strong><\/td>\n<td align=\"RIGHT\" sdval=\"0,0198842592592593\" sdnum=\"1060;0;HH:MM:SS\">00:55:13<\/td>\n<\/tr>\n<tr>\n<td height=\"17\" align=\"LEFT\"><strong>6<\/strong><\/td>\n<td height=\"17\" align=\"LEFT\"><strong>Borci<\/strong><\/td>\n<td align=\"RIGHT\" sdval=\"0,0201388888888889\" sdnum=\"1060;0;HH:MM:SS\">00:55:14<\/td>\n<\/tr>\n<tr>\n<td height=\"17\" align=\"LEFT\"><strong>7<\/strong><\/td>\n<td height=\"17\" align=\"LEFT\"><strong>Gozdni \u0161krati<\/strong><\/td>\n<td align=\"RIGHT\" sdval=\"0,020787037037037\" sdnum=\"1060;0;HH:MM:SS\">00:56:44<\/td>\n<\/tr>\n<tr>\n<td height=\"18\" align=\"LEFT\"><strong>8<\/strong><\/td>\n<td height=\"18\" align=\"LEFT\"><strong>Grandovec<\/strong><\/td>\n<td align=\"RIGHT\" sdval=\"0,0210069444444444\" sdnum=\"1060;0;HH:MM:SS\">00:57:40<\/td>\n<\/tr>\n<tr>\n<td height=\"17\" align=\"LEFT\"><strong>9<\/strong><\/td>\n<td height=\"17\" align=\"LEFT\"><strong>Srnjak in srnici<\/strong><\/td>\n<td align=\"RIGHT\" sdval=\"0,0255555555555556\" sdnum=\"1060;0;HH:MM:SS\">01:06:19<\/td>\n<\/tr>\n<\/tbody>\n<\/table>\n<p>&nbsp;<\/p>\n<p>[\/et_pb_text][\/et_pb_column][\/et_pb_row][\/et_pb_section][et_pb_section fb_built=&#8221;1&#8243; admin_label=&#8221;Sponsors&#8221; _builder_version=&#8221;3.22.3&#8243; custom_padding=&#8221;30px|0px|50px|0px||&#8221; locked=&#8221;off&#8221;][et_pb_row _builder_version=&#8221;3.25&#8243;][et_pb_column type=&#8221;4_4&#8243; _builder_version=&#8221;3.25&#8243; custom_padding=&#8221;|||&#8221; custom_padding__hover=&#8221;|||&#8221;][et_pb_text admin_label=&#8221;Subtitle&#8221; _builder_version=&#8221;3.25.4&#8243; text_font=&#8221;Montserrat|500||on|||||&#8221; text_text_color=&#8221;rgba(0,0,0,0.25)&#8221; text_orientation=&#8221;center&#8221; custom_margin=&#8221;||22px|||&#8221; animation_style=&#8221;fade&#8221;]<\/p>\n<p>Sponzorji<\/p>\n<p>[\/et_pb_text][et_pb_text admin_label=&#8221;Title&#8221; _builder_version=&#8221;3.0.105&#8243; text_font=&#8221;||||||||&#8221; header_font=&#8221;||||||||&#8221; header_2_font=&#8221;Montserrat|500|||||||&#8221; header_2_text_align=&#8221;center&#8221; header_2_font_size=&#8221;30px&#8221; animation_style=&#8221;fade&#8221;]<\/p>\n<h2>Zahvaljujemo se na\u0161im partnerjem<\/h2>\n<p>[\/et_pb_text][\/et_pb_column][\/et_pb_row][et_pb_row column_structure=&#8221;1_3,1_3,1_3&#8243; _builder_version=&#8221;3.25.4&#8243;][et_pb_column type=&#8221;1_3&#8243; _builder_version=&#8221;3.25.4&#8243; custom_padding=&#8221;|||&#8221; custom_padding__hover=&#8221;|||&#8221;][et_pb_image src=&#8221;https:\/\/td-zetale.net\/srnjakovtek\/wp-content\/uploads\/2021\/08\/COA-Zetale.gif&#8221; url=&#8221;https:\/\/zetale.si\/&#8221; url_new_window=&#8221;on&#8221; align=&#8221;center&#8221; align_tablet=&#8221;center&#8221; align_last_edited=&#8221;on|desktop&#8221; _builder_version=&#8221;3.25.4&#8243; max_height=&#8221;100px&#8221; animation_style=&#8221;fade&#8221;][\/et_pb_image][et_pb_image url=&#8221;https:\/\/www.dem.si\/&#8221; url_new_window=&#8221;on&#8221; align=&#8221;center&#8221; align_tablet=&#8221;center&#8221; align_last_edited=&#8221;on|desktop&#8221; disabled_on=&#8221;off|off|off&#8221; _builder_version=&#8221;3.25.4&#8243; max_width=&#8221;78%&#8221; max_height=&#8221;100px&#8221; custom_margin=&#8221;||3px|||&#8221; animation_style=&#8221;fade&#8221;][\/et_pb_image][\/et_pb_column][et_pb_column type=&#8221;1_3&#8243; _builder_version=&#8221;3.25&#8243; custom_padding=&#8221;|||&#8221; custom_padding__hover=&#8221;|||&#8221;][et_pb_image src=&#8221;https:\/\/td-zetale.net\/srnjakovtek\/wp-content\/uploads\/2025\/09\/panvita.png&#8221; url=&#8221;https:\/\/www.panvita.si\/&#8221; url_new_window=&#8221;on&#8221; align=&#8221;center&#8221; align_tablet=&#8221;center&#8221; align_last_edited=&#8221;on|desktop&#8221; _builder_version=&#8221;3.25.4&#8243; width=&#8221;67%&#8221; max_height=&#8221;100px&#8221; animation_style=&#8221;fade&#8221;][\/et_pb_image][\/et_pb_column][et_pb_column type=&#8221;1_3&#8243; _builder_version=&#8221;3.25.4&#8243;][et_pb_image src=&#8221;https:\/\/td-zetale.net\/srnjakovtek\/wp-content\/uploads\/2025\/09\/bioles-linassi.png&#8221; url=&#8221;http:\/\/kupi-les.si\/&#8221; url_new_window=&#8221;on&#8221; align=&#8221;center&#8221; align_tablet=&#8221;center&#8221; align_last_edited=&#8221;on|desktop&#8221; _builder_version=&#8221;3.25.4&#8243; max_height=&#8221;100px&#8221; custom_margin=&#8221;||3px|||&#8221; animation_style=&#8221;fade&#8221;][\/et_pb_image][\/et_pb_column][\/et_pb_row][et_pb_row column_structure=&#8221;1_4,1_4,1_4,1_4&#8243; _builder_version=&#8221;3.25.4&#8243;][et_pb_column type=&#8221;1_4&#8243; _builder_version=&#8221;3.25.4&#8243;][et_pb_image src=&#8221;https:\/\/td-zetale.net\/srnjakovtek\/wp-content\/uploads\/2025\/09\/ROSTBIF_logo-1.png&#8221; url=&#8221;https:\/\/rostbif.si\/&#8221; url_new_window=&#8221;on&#8221; align=&#8221;center&#8221; align_tablet=&#8221;center&#8221; align_last_edited=&#8221;on|desktop&#8221; _builder_version=&#8221;3.25.4&#8243; max_height=&#8221;100px&#8221; animation_style=&#8221;fade&#8221;][\/et_pb_image][\/et_pb_column][et_pb_column type=&#8221;1_4&#8243; _builder_version=&#8221;3.25.4&#8243;][et_pb_image src=&#8221;https:\/\/td-zetale.net\/srnjakovtek\/wp-content\/uploads\/2019\/09\/afrodita.jpg&#8221; url=&#8221;https:\/\/webshop.afroditacosmetics.com\/&#8221; url_new_window=&#8221;on&#8221; align=&#8221;center&#8221; align_tablet=&#8221;center&#8221; align_last_edited=&#8221;on|desktop&#8221; _builder_version=&#8221;3.25.4&#8243; max_height=&#8221;100px&#8221; animation_style=&#8221;fade&#8221;][\/et_pb_image][\/et_pb_column][et_pb_column type=&#8221;1_4&#8243; _builder_version=&#8221;3.25.4&#8243;][et_pb_image src=&#8221;https:\/\/td-zetale.net\/srnjakovtek\/wp-content\/uploads\/2019\/07\/logo-tzs.jpg&#8221; url=&#8221;https:\/\/turisticna-zveza.si\/&#8221; url_new_window=&#8221;on&#8221; align=&#8221;center&#8221; align_tablet=&#8221;center&#8221; align_last_edited=&#8221;on|desktop&#8221; _builder_version=&#8221;3.25.4&#8243; max_height=&#8221;100px&#8221; animation_style=&#8221;fade&#8221;][\/et_pb_image][\/et_pb_column][et_pb_column type=&#8221;1_4&#8243; _builder_version=&#8221;3.25.4&#8243;][et_pb_image src=&#8221;https:\/\/td-zetale.net\/srnjakovtek\/wp-content\/uploads\/2019\/07\/ifeelslovenia.jpg&#8221; url=&#8221;https:\/\/turisticna-zveza.si\/&#8221; url_new_window=&#8221;on&#8221; align=&#8221;center&#8221; align_tablet=&#8221;center&#8221; align_last_edited=&#8221;on|desktop&#8221; _builder_version=&#8221;3.25.4&#8243; max_height=&#8221;100px&#8221; animation_style=&#8221;fade&#8221;][\/et_pb_image][\/et_pb_column][\/et_pb_row][et_pb_row column_structure=&#8221;1_4,1_4,1_4,1_4&#8243; _builder_version=&#8221;3.25.4&#8243;][et_pb_column type=&#8221;1_4&#8243; _builder_version=&#8221;3.25.4&#8243;][et_pb_image src=&#8221;https:\/\/td-zetale.net\/srnjakovtek\/wp-content\/uploads\/2025\/09\/zerak.png&#8221; url=&#8221;https:\/\/www.facebook.com\/KmetijaStopnisek&#8221; url_new_window=&#8221;on&#8221; align=&#8221;center&#8221; align_tablet=&#8221;center&#8221; align_last_edited=&#8221;on|desktop&#8221; _builder_version=&#8221;3.25.4&#8243; max_height=&#8221;125px&#8221; custom_margin=&#8221;||3px|||&#8221; animation_style=&#8221;fade&#8221;][\/et_pb_image][\/et_pb_column][et_pb_column type=&#8221;1_4&#8243; _builder_version=&#8221;3.25.4&#8243;][et_pb_image src=&#8221;https:\/\/td-zetale.net\/srnjakovtek\/wp-content\/uploads\/2019\/09\/34908819_2056624637989728_813293486752137216_o.jpg&#8221; url=&#8221;https:\/\/facebook.com\/kmetijaskok\/&#8221; url_new_window=&#8221;on&#8221; align=&#8221;center&#8221; align_tablet=&#8221;center&#8221; align_last_edited=&#8221;on|desktop&#8221; _builder_version=&#8221;3.25.4&#8243; max_height=&#8221;100px&#8221; custom_margin=&#8221;||3px|||&#8221; animation_style=&#8221;fade&#8221;][\/et_pb_image][et_pb_text disabled_on=&#8221;on|on|on&#8221; _builder_version=&#8221;3.25.4&#8243; text_font=&#8221;||||||||&#8221; text_text_align=&#8221;center&#8221; text_text_shadow_style=&#8221;preset3&#8243; text_text_shadow_vertical_length=&#8221;0.16em&#8221; link_font=&#8221;||||||||&#8221; quote_font=&#8221;||||||||&#8221; header_font=&#8221;||||||||&#8221; border_color_all=&#8221;#000000&#8243; text_orientation=&#8221;center&#8221; custom_margin=&#8221;24px||11px|||&#8221; custom_padding=&#8221;0px||&#8221; link_option_url=&#8221;https:\/\/www.facebook.com\/people\/Vinogradni%C5%A1tvo-Plajn%C5%A1ek\/100010898257831&#8243; link_option_url_new_window=&#8221;on&#8221; disabled=&#8221;on&#8221;]<\/p>\n<h2 class=\"ellip\" style=\"text-align: center;\">Vinogradni\u0161tvo<br \/> Plajn\u0161ek<\/h2>\n<p>[\/et_pb_text][et_pb_image src=&#8221;https:\/\/td-zetale.net\/srnjakovtek\/wp-content\/uploads\/2021\/09\/talum.png&#8221; url=&#8221;https:\/\/www.talum.si\/&#8221; url_new_window=&#8221;on&#8221; align=&#8221;center&#8221; align_tablet=&#8221;center&#8221; align_last_edited=&#8221;on|desktop&#8221; disabled_on=&#8221;on|on|on&#8221; _builder_version=&#8221;3.25.4&#8243; max_height=&#8221;100px&#8221; animation_style=&#8221;fade&#8221; disabled=&#8221;on&#8221;][\/et_pb_image][\/et_pb_column][et_pb_column type=&#8221;1_4&#8243; _builder_version=&#8221;3.25.4&#8243;][et_pb_image src=&#8221;https:\/\/td-zetale.net\/srnjakovtek\/wp-content\/uploads\/2024\/09\/img_1_1725557186834.jpg&#8221; url=&#8221;https:\/\/www.facebook.com\/people\/Kmetija-Furman-%C5%BDetale&#8221; url_new_window=&#8221;on&#8221; align=&#8221;center&#8221; align_tablet=&#8221;center&#8221; align_last_edited=&#8221;on|desktop&#8221; _builder_version=&#8221;3.25.4&#8243; max_height=&#8221;148px&#8221; custom_margin=&#8221;||3px|||&#8221; animation_style=&#8221;fade&#8221;][\/et_pb_image][\/et_pb_column][et_pb_column type=&#8221;1_4&#8243; _builder_version=&#8221;3.25.4&#8243;][et_pb_image src=&#8221;https:\/\/td-zetale.net\/srnjakovtek\/wp-content\/uploads\/2025\/09\/markovindis-1.png&#8221; url=&#8221;https:\/\/markovindis.com\/&#8221; url_new_window=&#8221;on&#8221; align=&#8221;center&#8221; align_tablet=&#8221;center&#8221; align_last_edited=&#8221;on|desktop&#8221; _builder_version=&#8221;3.25.4&#8243; max_height=&#8221;148px&#8221; custom_margin=&#8221;||3px|||&#8221; animation_style=&#8221;fade&#8221;][\/et_pb_image][\/et_pb_column][\/et_pb_row][\/et_pb_section]<\/p>\n","protected":false},"excerpt":{"rendered":"<p>[et_pb_section fb_built=&#8221;1&#8243; admin_label=&#8221;Hero&#8221; _builder_version=&#8221;3.25.4&#8243; use_background_color_gradient=&#8221;on&#8221; background_color_gradient_start=&#8221;#a258ff&#8221; background_color_gradient_end=&#8221;#308cff&#8221; background_color_gradient_direction=&#8221;148deg&#8221; custom_padding=&#8221;90px||30px|&#8221;][et_pb_row custom_margin=&#8221;1px|auto|1px|auto|true|&#8221; _builder_version=&#8221;3.25&#8243; background_size=&#8221;initial&#8221; background_position=&#8221;top_left&#8221; background_repeat=&#8221;repeat&#8221;][et_pb_column type=&#8221;4_4&#8243; _builder_version=&#8221;3.25&#8243; custom_padding=&#8221;|||&#8221; custom_padding__hover=&#8221;|||&#8221;][et_pb_text admin_label=&#8221;Title&#8221; _builder_version=&#8221;3.25.4&#8243; text_font=&#8221;||||||||&#8221; text_text_color=&#8221;#ffffff&#8221; header_font=&#8221;Montserrat|500|||||||&#8221; header_text_align=&#8221;center&#8221; header_text_color=&#8221;#ffffff&#8221; header_font_size=&#8221;84px&#8221; animation_style=&#8221;zoom&#8221; animation_direction=&#8221;left&#8221; animation_intensity_zoom=&#8221;10%&#8221; header_font_size_tablet=&#8221;50px&#8221; header_font_size_last_edited=&#8221;on|phone&#8221;] Rezultati 2025 [\/et_pb_text][et_pb_divider color=&#8221;#ffffff&#8221; divider_weight=&#8221;3px&#8221; _builder_version=&#8221;3.25.4&#8243; max_width=&#8221;100px&#8221; module_alignment=&#8221;center&#8221; animation_style=&#8221;zoom&#8221; animation_direction=&#8221;left&#8221;][\/et_pb_divider][et_pb_text _builder_version=&#8221;3.25.4&#8243; text_font=&#8221;Montserrat|300|||||||&#8221; text_text_color=&#8221;#ffffff&#8221; text_font_size=&#8221;20px&#8221; text_line_height=&#8221;1.8em&#8221; text_orientation=&#8221;center&#8221; max_width=&#8221;700px&#8221; module_alignment=&#8221;center&#8221; animation_style=&#8221;zoom&#8221; animation_direction=&#8221;left&#8221; animation_delay=&#8221;100ms&#8221; animation_intensity_zoom=&#8221;10%&#8221;]Hvala udele\u017eencem, hvala [&hellip;]<\/p>\n","protected":false},"author":1,"featured_media":0,"parent":0,"menu_order":0,"comment_status":"closed","ping_status":"closed","template":"","meta":{"_et_pb_use_builder":"on","_et_pb_old_content":"","spay_email":""},"_links":{"self":[{"href":"https:\/\/td-zetale.net\/srnjakovtek\/wp-json\/wp\/v2\/pages\/1139"}],"collection":[{"href":"https:\/\/td-zetale.net\/srnjakovtek\/wp-json\/wp\/v2\/pages"}],"about":[{"href":"https:\/\/td-zetale.net\/srnjakovtek\/wp-json\/wp\/v2\/types\/page"}],"author":[{"embeddable":true,"href":"https:\/\/td-zetale.net\/srnjakovtek\/wp-json\/wp\/v2\/users\/1"}],"replies":[{"embeddable":true,"href":"https:\/\/td-zetale.net\/srnjakovtek\/wp-json\/wp\/v2\/comments?post=1139"}],"version-history":[{"count":6,"href":"https:\/\/td-zetale.net\/srnjakovtek\/wp-json\/wp\/v2\/pages\/1139\/revisions"}],"predecessor-version":[{"id":1150,"href":"https:\/\/td-zetale.net\/srnjakovtek\/wp-json\/wp\/v2\/pages\/1139\/revisions\/1150"}],"wp:attachment":[{"href":"https:\/\/td-zetale.net\/srnjakovtek\/wp-json\/wp\/v2\/media?parent=1139"}],"curies":[{"name":"wp","href":"https:\/\/api.w.org\/{rel}","templated":true}]}}