{"id":199,"date":"2019-07-14T20:31:03","date_gmt":"2019-07-14T20:31:03","guid":{"rendered":"https:\/\/td-zetale.net\/srnjakovtek\/?page_id=199"},"modified":"2025-07-14T15:55:31","modified_gmt":"2025-07-14T15:55:31","slug":"tek-10-km","status":"publish","type":"page","link":"https:\/\/td-zetale.net\/srnjakovtek\/tek-10-km\/","title":{"rendered":"Solo Trail 10 km"},"content":{"rendered":"<p>[et_pb_section fb_built=&#8221;1&#8243; admin_label=&#8221;Hero&#8221; _builder_version=&#8221;3.22.3&#8243; use_background_color_gradient=&#8221;on&#8221; background_color_gradient_start=&#8221;#a258ff&#8221; background_color_gradient_end=&#8221;#308cff&#8221; background_color_gradient_direction=&#8221;146deg&#8221; box_shadow_style=&#8221;preset4&#8243; box_shadow_horizontal=&#8221;0px&#8221; box_shadow_vertical=&#8221;-100px&#8221; box_shadow_color=&#8221;#ffffff&#8221; box_shadow_position=&#8221;inner&#8221; custom_margin=&#8221;|||&#8221; custom_padding=&#8221;120px||0px|&#8221;][et_pb_row custom_margin=&#8221;||40px|&#8221; _builder_version=&#8221;3.25&#8243; background_size=&#8221;initial&#8221; background_position=&#8221;top_left&#8221; background_repeat=&#8221;repeat&#8221;][et_pb_column type=&#8221;4_4&#8243; _builder_version=&#8221;3.25&#8243; custom_padding=&#8221;|||&#8221; custom_padding__hover=&#8221;|||&#8221;][et_pb_text admin_label=&#8221;Title&#8221; _builder_version=&#8221;3.0.105&#8243; text_font=&#8221;||||||||&#8221; header_font=&#8221;Montserrat|500|||||||&#8221; header_text_align=&#8221;center&#8221; header_font_size=&#8221;84px&#8221; background_layout=&#8221;dark&#8221; animation_style=&#8221;zoom&#8221; animation_direction=&#8221;left&#8221; animation_intensity_zoom=&#8221;10%&#8221; header_font_size_tablet=&#8221;50px&#8221; header_font_size_last_edited=&#8221;on|phone&#8221;]<\/p>\n<h1>Solo Trail<\/h1>\n<p>[\/et_pb_text][et_pb_divider color=&#8221;rgba(255,255,255,0.7)&#8221; divider_weight=&#8221;3px&#8221; _builder_version=&#8221;3.2&#8243; max_width=&#8221;100px&#8221; module_alignment=&#8221;center&#8221; animation_style=&#8221;zoom&#8221; animation_direction=&#8221;left&#8221;][\/et_pb_divider][et_pb_text _builder_version=&#8221;3.25.4&#8243; text_font=&#8221;Montserrat|300|||||||&#8221; text_text_color=&#8221;rgba(255,255,255,0.7)&#8221; text_font_size=&#8221;20px&#8221; text_line_height=&#8221;1.8em&#8221; text_orientation=&#8221;center&#8221; background_layout=&#8221;dark&#8221; max_width=&#8221;700px&#8221; module_alignment=&#8221;center&#8221; animation_style=&#8221;zoom&#8221; animation_direction=&#8221;left&#8221; animation_delay=&#8221;100ms&#8221; animation_intensity_zoom=&#8221;10%&#8221;]<\/p>\n<p>10km<\/p>\n<p>[\/et_pb_text][\/et_pb_column][\/et_pb_row][et_pb_row _builder_version=&#8221;3.25.4&#8243;][et_pb_column type=&#8221;4_4&#8243; _builder_version=&#8221;3.25.4&#8243;][\/et_pb_column][\/et_pb_row][et_pb_row custom_padding=&#8221;27px|0px|0px|0px&#8221; _builder_version=&#8221;3.25&#8243;][et_pb_column type=&#8221;4_4&#8243; _builder_version=&#8221;3.25&#8243; custom_padding=&#8221;|||&#8221; custom_padding__hover=&#8221;|||&#8221;][et_pb_video src=&#8221;https:\/\/www.youtube.com\/watch?v=sSEIKsyINic&#038;feature=youtu.be&#8221; thumbnail_overlay_color=&#8221;rgba(0,0,0,0.6)&#8221; disabled_on=&#8221;on|on|on&#8221; _builder_version=&#8221;3.25.4&#8243; box_shadow_style=&#8221;preset3&#8243; box_shadow_vertical=&#8221;35px&#8221; box_shadow_blur=&#8221;100px&#8221; box_shadow_spread=&#8221;0px&#8221; box_shadow_color=&#8221;rgba(0,0,0,0.2)&#8221; animation_style=&#8221;slide&#8221; animation_direction=&#8221;bottom&#8221; animation_intensity_slide=&#8221;5%&#8221; animation_starting_opacity=&#8221;100%&#8221; disabled=&#8221;on&#8221;][\/et_pb_video][\/et_pb_column][\/et_pb_row][\/et_pb_section][et_pb_section fb_built=&#8221;1&#8243; admin_label=&#8221;About&#8221; _builder_version=&#8221;3.22.3&#8243;][et_pb_row _builder_version=&#8221;3.25&#8243;][et_pb_column type=&#8221;4_4&#8243; _builder_version=&#8221;3.25&#8243; custom_padding=&#8221;|||&#8221; custom_padding__hover=&#8221;|||&#8221;][et_pb_text _builder_version=&#8221;3.25.4&#8243; text_font=&#8221;||||||||&#8221; header_font=&#8221;||||||||&#8221; header_2_font=&#8221;Montserrat|500|||||||&#8221; header_2_font_size=&#8221;30px&#8221; text_orientation=&#8221;center&#8221;]<\/p>\n<h3 data-start=\"179\" data-end=\"238\"><strong data-start=\"183\" data-end=\"238\">Srnjakov izziv v senci gozdov<\/strong><\/h3>\n<p data-start=\"240\" data-end=\"546\">[\/et_pb_text][et_pb_text _builder_version=&#8221;3.25.4&#8243; text_font=&#8221;Montserrat|300|||||||&#8221; text_text_color=&#8221;#000000&#8243; text_font_size=&#8221;20px&#8221; text_line_height=&#8221;1.8em&#8221; text_orientation=&#8221;center&#8221; background_layout=&#8221;dark&#8221; module_alignment=&#8221;center&#8221; custom_margin=&#8221;|0px||0px||&#8221; animation_style=&#8221;zoom&#8221; animation_direction=&#8221;left&#8221; animation_delay=&#8221;100ms&#8221; animation_intensity_zoom=&#8221;10%&#8221;]<\/p>\n<p data-start=\"240\" data-end=\"546\">Nova, 10 kilometrov dolga trasa vas letos prvi\u010d popelje izpod Lovske ko\u010de Tisovec, tik ob meji s Hrva\u0161ko, globoko v gozdnate halo\u0161ke bregove. Takoj po \u0161tartu se teka\u010di podajo v dalj\u0161i vzpon, ki hitro preizkusi pripravljenost, a bogato nagradi z razgledi na Dona\u010dko goro in skrivnostno ti\u0161ino starih gozdov.<\/p>\n<p data-start=\"548\" data-end=\"894\">Pot ve\u010dinoma poteka po mehkih gozdnih tleh, s kraj\u0161imi odseki po asfaltu in makadamu. Kro\u017ena proga je razgibana in raznolika \u2013 z nekaj tehni\u010dnimi odseki, a teko\u010da in prijetna tudi za izku\u0161ene cestne teka\u010de, ki si \u017eelijo preizkusa v naravi.<br data-start=\"787\" data-end=\"790\" \/> Na celotni progi boste premagali <strong data-start=\"823\" data-end=\"847\">384 vi\u0161inskih metrov<\/strong>, kar jo postavlja ob bok pravim trail izzivom.<\/p>\n<p data-start=\"896\" data-end=\"1000\">Trasa zdru\u017euje \u0161portni napor z naravno spokojnostjo \u2013 idealno za vse, ki si \u017eelijo ve\u010d kot le teka.<\/p>\n<p>[\/et_pb_text][et_pb_image src=&#8221;https:\/\/td-zetale.net\/srnjakovtek\/wp-content\/uploads\/2025\/07\/10-km-4.jpg&#8221; align=&#8221;center&#8221; _builder_version=&#8221;3.25.4&#8243;][\/et_pb_image][et_pb_divider color=&#8221;#3d8eff&#8221; divider_weight=&#8221;3px&#8221; _builder_version=&#8221;3.2&#8243; max_width=&#8221;100px&#8221; module_alignment=&#8221;center&#8221; height=&#8221;7px&#8221; custom_margin=&#8221;63px|||||&#8221;][\/et_pb_divider][et_pb_text _builder_version=&#8221;3.25.4&#8243; text_font=&#8221;Montserrat|300|||||||&#8221; text_text_color=&#8221;#000000&#8243; text_font_size=&#8221;20px&#8221; text_line_height=&#8221;1.8em&#8221; text_orientation=&#8221;center&#8221; background_layout=&#8221;dark&#8221; module_alignment=&#8221;center&#8221; custom_margin=&#8221;|0px||0px||&#8221; animation_style=&#8221;zoom&#8221; animation_direction=&#8221;left&#8221; animation_delay=&#8221;100ms&#8221; animation_intensity_zoom=&#8221;10%&#8221;]<\/p>\n<p>Priporo\u010dena je predprijava, ko prijavnina stane\u00a0 10 EUR. Prijave na dan dogodka so mogo\u010de, ko \u0161tartnina zna\u0161a 12 EUR.<\/p>\n<p>Vsi tekmovalci dobijo toplo malico, brezalkoholno pija\u010do in promocijsko majico teka. Dogodek bo zdru\u017eil skrb za zdravje, timsko delo in kulinari\u010dno ponudbo regije, hkrati pa bo dogodek del prireditev ob Ob\u010dinskem prazniku Ob\u010dine \u017detale.<\/p>\n<p>[\/et_pb_text][et_pb_video src=&#8221;https:\/\/video.relive.cc\/6674222142571_19a2f03fa37d-5b3b-0bc4-7796-913ff057_relive-tracker_1752416882800.mp4&#8243; thumbnail_overlay_color=&#8221;rgba(0,0,0,0.6)&#8221; _builder_version=&#8221;3.25.4&#8243;][\/et_pb_video][\/et_pb_column][\/et_pb_row][et_pb_row column_structure=&#8221;2_5,3_5&#8243; disabled_on=&#8221;on|on|on&#8221; _builder_version=&#8221;3.25.4&#8243; disabled=&#8221;on&#8221;][et_pb_column type=&#8221;2_5&#8243; _builder_version=&#8221;3.25.4&#8243;][et_pb_image src=&#8221;https:\/\/td-zetale.net\/srnjakovtek\/wp-content\/uploads\/2023\/07\/trasa_solo.jpg&#8221; show_in_lightbox=&#8221;on&#8221; _builder_version=&#8221;3.25.4&#8243;][\/et_pb_image][\/et_pb_column][et_pb_column type=&#8221;3_5&#8243; _builder_version=&#8221;3.25.4&#8243;][et_pb_text _builder_version=&#8221;3.25.4&#8243; text_font=&#8221;Montserrat|300|||||||&#8221; text_font_size=&#8221;17px&#8221; text_line_height=&#8221;1.8em&#8221; header_font=&#8221;||||||||&#8221; locked=&#8221;off&#8221;]<\/p>\n<p><strong>Krog z za\u010detkom pri Kamp restavracija Gladiator<br \/><\/strong><\/p>\n<p>Kro\u017ena trasa poteka po razgibanem halo\u0161kem terenu v razdalji 8 km. \u0160tart je pri Kamp restavracija Gladiator, od koder teka\u010di te\u010dejo krog po halo\u0161kih gri\u010dih, kjer se nam razgled razprostira na Dona\u010dko goro ter razgibano halo\u0161ko pokrajino. Teka\u010di na progi premagajo 317 vi\u0161inskih metrov, za celotno traso pa potrebujejo okrog ene ure.<\/p>\n<p>[\/et_pb_text][\/et_pb_column][\/et_pb_row][et_pb_row _builder_version=&#8221;3.25.4&#8243;][et_pb_column type=&#8221;4_4&#8243; _builder_version=&#8221;3.25.4&#8243;][\/et_pb_column][\/et_pb_row][\/et_pb_section][et_pb_section fb_built=&#8221;1&#8243; admin_label=&#8221;Register&#8221; _builder_version=&#8221;3.22.3&#8243; use_background_color_gradient=&#8221;on&#8221; background_color_gradient_start=&#8221;#4866ff&#8221; background_color_gradient_end=&#8221;rgba(72,102,255,0.9)&#8221; background_color_gradient_direction=&#8221;240deg&#8221; background_color_gradient_overlays_image=&#8221;on&#8221; background_image=&#8221;https:\/\/td-zetale.net\/srnjakovtek\/wp-content\/uploads\/2019\/07\/running_image_04.jpg&#8221; background_position=&#8221;top_center&#8221; custom_padding=&#8221;90px||90px|&#8221; animation_style=&#8221;slide&#8221; animation_direction=&#8221;bottom&#8221; animation_intensity_slide=&#8221;10%&#8221; animation_starting_opacity=&#8221;100%&#8221; global_module=&#8221;555&#8243;][et_pb_row _builder_version=&#8221;3.25&#8243;][et_pb_column type=&#8221;4_4&#8243; _builder_version=&#8221;3.25&#8243; custom_padding=&#8221;|||&#8221; custom_padding__hover=&#8221;|||&#8221;][et_pb_text admin_label=&#8221;Subtitle&#8221; _builder_version=&#8221;3.25.4&#8243; text_font=&#8221;Montserrat|500||on|||||&#8221; text_orientation=&#8221;center&#8221; background_layout=&#8221;dark&#8221; animation_style=&#8221;fade&#8221;]Prijava[\/et_pb_text][et_pb_text admin_label=&#8221;Title&#8221; _builder_version=&#8221;3.25.4&#8243; text_font=&#8221;||||||||&#8221; header_font=&#8221;||||||||&#8221; header_2_font=&#8221;Montserrat|500|||||||&#8221; header_2_text_align=&#8221;center&#8221; header_2_font_size=&#8221;30px&#8221; background_layout=&#8221;dark&#8221; animation_style=&#8221;fade&#8221;]<\/p>\n<h2>Prijavi se<\/h2>\n<p>[\/et_pb_text][et_pb_divider color=&#8221;#ffffff&#8221; divider_weight=&#8221;3px&#8221; _builder_version=&#8221;3.2&#8243; max_width=&#8221;80px&#8221; module_alignment=&#8221;center&#8221; animation_style=&#8221;fade&#8221;][\/et_pb_divider][et_pb_text _builder_version=&#8221;3.25.4&#8243; text_font=&#8221;Montserrat|300|||||||&#8221; text_font_size=&#8221;16px&#8221; text_line_height=&#8221;1.8em&#8221; header_font=&#8221;||||||||&#8221; text_orientation=&#8221;center&#8221; background_layout=&#8221;dark&#8221; max_width=&#8221;700px&#8221; module_alignment=&#8221;center&#8221; custom_margin=&#8221;||70px|&#8221; animation_style=&#8221;fade&#8221;]<\/p>\n<p>\u0160tartnina v predprodaji stane 10 \u20ac na osebo<\/p>\n<p>[\/et_pb_text][et_pb_button button_url=&#8221;https:\/\/td-zetale.net\/srnjakovtek\/prijava\/&#8221; button_text=&#8221;Prijava&#8221; button_alignment=&#8221;center&#8221; _builder_version=&#8221;3.25.4&#8243; custom_button=&#8221;on&#8221; button_text_size=&#8221;14px&#8221; button_bg_color=&#8221;rgba(0,0,0,0.1)&#8221; button_border_width=&#8221;0px&#8221; button_border_color=&#8221;#405ce6&#8243; button_border_radius=&#8221;55px&#8221; button_font=&#8221;Montserrat|500||on|||||&#8221; background_layout=&#8221;dark&#8221; custom_margin=&#8221;20px|||&#8221; custom_padding=&#8221;20px|45px|20px|45px&#8221; button_text_size__hover_enabled=&#8221;off&#8221; button_one_text_size__hover_enabled=&#8221;off&#8221; button_two_text_size__hover_enabled=&#8221;off&#8221; button_text_color__hover_enabled=&#8221;off&#8221; button_one_text_color__hover_enabled=&#8221;off&#8221; button_two_text_color__hover_enabled=&#8221;off&#8221; button_border_width__hover_enabled=&#8221;off&#8221; button_one_border_width__hover_enabled=&#8221;off&#8221; button_two_border_width__hover_enabled=&#8221;off&#8221; button_border_color__hover_enabled=&#8221;off&#8221; button_one_border_color__hover_enabled=&#8221;off&#8221; button_two_border_color__hover_enabled=&#8221;off&#8221; button_border_radius__hover_enabled=&#8221;off&#8221; button_one_border_radius__hover_enabled=&#8221;off&#8221; button_two_border_radius__hover_enabled=&#8221;off&#8221; button_letter_spacing__hover_enabled=&#8221;off&#8221; button_one_letter_spacing__hover_enabled=&#8221;off&#8221; button_two_letter_spacing__hover_enabled=&#8221;off&#8221; button_bg_color__hover_enabled=&#8221;off&#8221; button_one_bg_color__hover_enabled=&#8221;off&#8221; button_two_bg_color__hover_enabled=&#8221;off&#8221;][\/et_pb_button][\/et_pb_column][\/et_pb_row][\/et_pb_section]<\/p>\n","protected":false},"excerpt":{"rendered":"<p>[et_pb_section fb_built=&#8221;1&#8243; admin_label=&#8221;Hero&#8221; _builder_version=&#8221;3.22.3&#8243; use_background_color_gradient=&#8221;on&#8221; background_color_gradient_start=&#8221;#a258ff&#8221; background_color_gradient_end=&#8221;#308cff&#8221; background_color_gradient_direction=&#8221;146deg&#8221; box_shadow_style=&#8221;preset4&#8243; box_shadow_horizontal=&#8221;0px&#8221; box_shadow_vertical=&#8221;-100px&#8221; box_shadow_color=&#8221;#ffffff&#8221; box_shadow_position=&#8221;inner&#8221; custom_margin=&#8221;|||&#8221; custom_padding=&#8221;120px||0px|&#8221;][et_pb_row custom_margin=&#8221;||40px|&#8221; _builder_version=&#8221;3.25&#8243; background_size=&#8221;initial&#8221; background_position=&#8221;top_left&#8221; background_repeat=&#8221;repeat&#8221;][et_pb_column type=&#8221;4_4&#8243; _builder_version=&#8221;3.25&#8243; custom_padding=&#8221;|||&#8221; custom_padding__hover=&#8221;|||&#8221;][et_pb_text admin_label=&#8221;Title&#8221; _builder_version=&#8221;3.0.105&#8243; text_font=&#8221;||||||||&#8221; header_font=&#8221;Montserrat|500|||||||&#8221; header_text_align=&#8221;center&#8221; header_font_size=&#8221;84px&#8221; background_layout=&#8221;dark&#8221; animation_style=&#8221;zoom&#8221; animation_direction=&#8221;left&#8221; animation_intensity_zoom=&#8221;10%&#8221; header_font_size_tablet=&#8221;50px&#8221; header_font_size_last_edited=&#8221;on|phone&#8221;] Solo Trail [\/et_pb_text][et_pb_divider color=&#8221;rgba(255,255,255,0.7)&#8221; divider_weight=&#8221;3px&#8221; _builder_version=&#8221;3.2&#8243; max_width=&#8221;100px&#8221; module_alignment=&#8221;center&#8221; animation_style=&#8221;zoom&#8221; animation_direction=&#8221;left&#8221;][\/et_pb_divider][et_pb_text _builder_version=&#8221;3.25.4&#8243; text_font=&#8221;Montserrat|300|||||||&#8221; text_text_color=&#8221;rgba(255,255,255,0.7)&#8221; text_font_size=&#8221;20px&#8221; text_line_height=&#8221;1.8em&#8221; text_orientation=&#8221;center&#8221; background_layout=&#8221;dark&#8221; max_width=&#8221;700px&#8221; module_alignment=&#8221;center&#8221; [&hellip;]<\/p>\n","protected":false},"author":1,"featured_media":0,"parent":0,"menu_order":0,"comment_status":"closed","ping_status":"closed","template":"","meta":{"_et_pb_use_builder":"on","_et_pb_old_content":"","spay_email":""},"_links":{"self":[{"href":"https:\/\/td-zetale.net\/srnjakovtek\/wp-json\/wp\/v2\/pages\/199"}],"collection":[{"href":"https:\/\/td-zetale.net\/srnjakovtek\/wp-json\/wp\/v2\/pages"}],"about":[{"href":"https:\/\/td-zetale.net\/srnjakovtek\/wp-json\/wp\/v2\/types\/page"}],"author":[{"embeddable":true,"href":"https:\/\/td-zetale.net\/srnjakovtek\/wp-json\/wp\/v2\/users\/1"}],"replies":[{"embeddable":true,"href":"https:\/\/td-zetale.net\/srnjakovtek\/wp-json\/wp\/v2\/comments?post=199"}],"version-history":[{"count":30,"href":"https:\/\/td-zetale.net\/srnjakovtek\/wp-json\/wp\/v2\/pages\/199\/revisions"}],"predecessor-version":[{"id":1121,"href":"https:\/\/td-zetale.net\/srnjakovtek\/wp-json\/wp\/v2\/pages\/199\/revisions\/1121"}],"wp:attachment":[{"href":"https:\/\/td-zetale.net\/srnjakovtek\/wp-json\/wp\/v2\/media?parent=199"}],"curies":[{"name":"wp","href":"https:\/\/api.w.org\/{rel}","templated":true}]}}