{"id":212,"date":"2019-07-15T09:22:07","date_gmt":"2019-07-15T09:22:07","guid":{"rendered":"https:\/\/td-zetale.net\/srnjakovtek\/?page_id=212"},"modified":"2024-07-10T08:39:38","modified_gmt":"2024-07-10T08:39:38","slug":"prijava","status":"publish","type":"page","link":"https:\/\/td-zetale.net\/srnjakovtek\/prijava\/","title":{"rendered":"Prijava"},"content":{"rendered":"<p>[et_pb_section fb_built=&#8221;1&#8243; admin_label=&#8221;Register&#8221; _builder_version=&#8221;3.22.3&#8243; use_background_color_gradient=&#8221;on&#8221; background_color_gradient_start=&#8221;#4866ff&#8221; background_color_gradient_end=&#8221;rgba(72,102,255,0.9)&#8221; background_color_gradient_direction=&#8221;240deg&#8221; background_color_gradient_overlays_image=&#8221;on&#8221; background_image=&#8221;https:\/\/td-zetale.net\/srnjakovtek\/wp-content\/uploads\/2019\/07\/running_image_04.jpg&#8221; background_position=&#8221;top_center&#8221; custom_padding=&#8221;0px||0px|||&#8221; animation_style=&#8221;slide&#8221; animation_direction=&#8221;bottom&#8221; animation_intensity_slide=&#8221;10%&#8221; animation_starting_opacity=&#8221;100%&#8221;][\/et_pb_section][et_pb_section fb_built=&#8221;1&#8243; admin_label=&#8221;Contact Form&#8221; _builder_version=&#8221;3.22.3&#8243; custom_padding=&#8221;32px||0px|||&#8221;][et_pb_row _builder_version=&#8221;3.25&#8243; locked=&#8221;off&#8221;][et_pb_column type=&#8221;4_4&#8243; _builder_version=&#8221;3.25&#8243; custom_padding=&#8221;|||&#8221; custom_padding__hover=&#8221;|||&#8221;][et_pb_text _builder_version=&#8221;3.25.4&#8243; text_font=&#8221;Montserrat|500||on|||||&#8221; text_text_color=&#8221;rgba(0,0,0,0.24)&#8221; text_orientation=&#8221;center&#8221;]<\/p>\n<p>Prijava<\/p>\n<p>[\/et_pb_text][et_pb_divider color=&#8221;#3d8eff&#8221; divider_weight=&#8221;3px&#8221; _builder_version=&#8221;3.2&#8243; max_width=&#8221;100px&#8221; module_alignment=&#8221;center&#8221; height=&#8221;7px&#8221;][\/et_pb_divider][et_pb_text _builder_version=&#8221;3.25.4&#8243; text_font=&#8221;||||||||&#8221; header_font=&#8221;||||||||&#8221; header_2_font=&#8221;Montserrat|500|||||||&#8221; header_2_font_size=&#8221;30px&#8221; text_orientation=&#8221;center&#8221;]<\/p>\n<h2>Prijava na dogodek<\/h2>\n<p>[\/et_pb_text][\/et_pb_column][\/et_pb_row][\/et_pb_section][et_pb_section fb_built=&#8221;1&#8243; _builder_version=&#8221;3.25.4&#8243; custom_padding=&#8221;51px||51px||true|&#8221;][et_pb_row custom_padding=&#8221;||3px|||&#8221; custom_margin=&#8221;-4px|auto||auto||&#8221; _builder_version=&#8221;3.25.4&#8243; hover_transition_duration=&#8221;0ms&#8221;][et_pb_column type=&#8221;4_4&#8243; _builder_version=&#8221;3.25.4&#8243;][et_pb_accordion icon_color=&#8221;#7cda24&#8243; use_icon_font_size=&#8221;on&#8221; icon_font_size=&#8221;30px&#8221; _builder_version=&#8221;3.25.4&#8243; toggle_level=&#8221;h3&#8243; toggle_font=&#8221;|600|||||||&#8221;][et_pb_accordion_item title=&#8221;Prijava na tek trojk&#8221; open=&#8221;on&#8221; _builder_version=&#8221;3.25.4&#8243; title_text_shadow_horizontal_length=&#8221;0em&#8221; title_text_shadow_vertical_length=&#8221;0em&#8221; title_text_shadow_blur_strength=&#8221;0em&#8221; closed_title_text_shadow_horizontal_length=&#8221;0em&#8221; closed_title_text_shadow_vertical_length=&#8221;0em&#8221; closed_title_text_shadow_blur_strength=&#8221;0em&#8221;]<\/p>\n<div class=\"wpuf-info\">Prijava se je kon\u010dala.<\/div>\n<p>[\/et_pb_accordion_item][et_pb_accordion_item title=&#8221;Prijava na posami\u010dni, 8-kilometrski tek&#8221; open=&#8221;off&#8221; _builder_version=&#8221;3.25.4&#8243; title_text_shadow_horizontal_length=&#8221;0em&#8221; title_text_shadow_vertical_length=&#8221;0em&#8221; title_text_shadow_blur_strength=&#8221;0em&#8221; closed_title_text_shadow_horizontal_length=&#8221;0em&#8221; closed_title_text_shadow_vertical_length=&#8221;0em&#8221; closed_title_text_shadow_blur_strength=&#8221;0em&#8221;]<\/p>\n<div class=\"wpuf-info\">Prijava se je kon\u010dala.<\/div>\n<p>[\/et_pb_accordion_item][\/et_pb_accordion][et_pb_code _builder_version=&#8221;3.25.4&#8243;]<script><!-- [et_pb_line_break_holder] -->jQuery(function($){<!-- [et_pb_line_break_holder] -->    $('.et_pb_accordion .et_pb_toggle_open').addClass('et_pb_toggle_close').removeClass('et_pb_toggle_open');<!-- [et_pb_line_break_holder] --><!-- [et_pb_line_break_holder] -->    $('.et_pb_accordion .et_pb_toggle').click(function() {<!-- [et_pb_line_break_holder] -->      $this = $(this);<!-- [et_pb_line_break_holder] -->      setTimeout(function(){<!-- [et_pb_line_break_holder] -->         $this.closest('.et_pb_accordion').removeClass('et_pb_accordion_toggling');<!-- [et_pb_line_break_holder] -->      },700);<!-- [et_pb_line_break_holder] -->    });<!-- [et_pb_line_break_holder] -->});<!-- [et_pb_line_break_holder] --><\/script><!-- [et_pb_line_break_holder] -->[\/et_pb_code][\/et_pb_column][\/et_pb_row][\/et_pb_section][et_pb_section fb_built=&#8221;1&#8243; admin_label=&#8221;About&#8221; _builder_version=&#8221;3.22.3&#8243; custom_margin=&#8221;-3px|||||&#8221; custom_padding=&#8221;0px|0px|90px|0px||&#8221;][et_pb_row custom_padding=&#8221;48px||48px||true|&#8221; _builder_version=&#8221;3.25&#8243;][et_pb_column type=&#8221;4_4&#8243; _builder_version=&#8221;3.25&#8243; custom_padding=&#8221;|||&#8221; custom_padding__hover=&#8221;|||&#8221;][et_pb_text _builder_version=&#8221;3.0.105&#8243; text_font=&#8221;Montserrat|500||on|||||&#8221; text_text_color=&#8221;rgba(0,0,0,0.24)&#8221; text_orientation=&#8221;center&#8221;]<\/p>\n<p>FAQ<\/p>\n<p>[\/et_pb_text][et_pb_divider color=&#8221;#3d8eff&#8221; divider_weight=&#8221;3px&#8221; _builder_version=&#8221;3.2&#8243; max_width=&#8221;100px&#8221; module_alignment=&#8221;center&#8221; height=&#8221;7px&#8221;][\/et_pb_divider][et_pb_text _builder_version=&#8221;3.25.4&#8243; text_font=&#8221;||||||||&#8221; header_font=&#8221;||||||||&#8221; header_2_font=&#8221;Montserrat|500|||||||&#8221; header_2_font_size=&#8221;30px&#8221; text_orientation=&#8221;center&#8221;]<\/p>\n<h2>Pogosto zastavljena vpra\u0161anja<\/h2>\n<p>[\/et_pb_text][\/et_pb_column][\/et_pb_row][et_pb_row column_structure=&#8221;1_2,1_2&#8243; custom_margin=&#8221;|||&#8221; _builder_version=&#8221;3.25&#8243;][et_pb_column type=&#8221;1_2&#8243; _builder_version=&#8221;3.25&#8243; custom_padding=&#8221;|||&#8221; custom_padding__hover=&#8221;|||&#8221;][et_pb_blurb title=&#8221;Osnovno&#8221; use_icon=&#8221;on&#8221; font_icon=&#8221;%%102%%&#8221; icon_color=&#8221;#4866ff&#8221; icon_placement=&#8221;left&#8221; use_icon_font_size=&#8221;on&#8221; _builder_version=&#8221;3.25.4&#8243; header_font=&#8221;Montserrat|500|||||||&#8221; header_text_color=&#8221;#&#8221; header_line_height=&#8221;1.8em&#8221; body_font=&#8221;Montserrat|300|||||||&#8221; body_font_size=&#8221;17px&#8221; body_line_height=&#8221;1.8em&#8221; custom_margin=&#8221;0px||0px|||&#8221; custom_padding=&#8221;|||&#8221; locked=&#8221;off&#8221;][\/et_pb_blurb][et_pb_toggle title=&#8221;Kdo je organizator Srnjakovega teka?&#8221; _builder_version=&#8221;3.25.4&#8243; title_text_color=&#8221;#000000&#8243; title_font=&#8221;Montserrat|300|||||||&#8221; title_line_height=&#8221;1.8em&#8221; body_font=&#8221;Montserrat|300|||||||&#8221; body_font_size=&#8221;16px&#8221; body_line_height=&#8221;1.8em&#8221; background_color=&#8221;rgba(0,0,0,0)&#8221; border_width_all=&#8221;0px&#8221; custom_margin=&#8221;||0px|28px&#8221; custom_padding=&#8221;|||&#8221; locked=&#8221;off&#8221;]Srnjakov tek organizirajo prostovoljci iz Turisti\u010dnega dru\u0161tva \u017detale, ki svoje delo opravljajo brezpla\u010dno z namenom o\u017eivitve lokalne turisti\u010dne ponudbe in predstavitve kraja.[\/et_pb_toggle][et_pb_toggle title=&#8221;Kak\u0161ni so pogoji prijave?&#8221; _builder_version=&#8221;3.25.4&#8243; title_text_color=&#8221;#000000&#8243; title_font=&#8221;Montserrat|300|||||||&#8221; title_line_height=&#8221;1.8em&#8221; body_font=&#8221;Montserrat|300|||||||&#8221; body_font_size=&#8221;16px&#8221; body_line_height=&#8221;1.8em&#8221; background_color=&#8221;rgba(0,0,0,0)&#8221; border_width_all=&#8221;0px&#8221; custom_margin=&#8221;||0px|28px&#8221; custom_padding=&#8221;|||&#8221; locked=&#8221;off&#8221;]<\/p>\n<p>Pogoji prijave so dostopni na <a href=\"http:\/\/td-zetale.net\/srnjakovtek\/pogoji\/\" target=\"_blank\" rel=\"noopener noreferrer\">povezavi<\/a>.<\/p>\n<p>[\/et_pb_toggle][et_pb_blurb title=&#8221;Pla\u010dilo&#8221; use_icon=&#8221;on&#8221; font_icon=&#8221;%%114%%&#8221; icon_color=&#8221;#4866ff&#8221; icon_placement=&#8221;left&#8221; use_icon_font_size=&#8221;on&#8221; _builder_version=&#8221;3.25.4&#8243; header_font=&#8221;Montserrat|500|||||||&#8221; header_text_color=&#8221;#&#8221; header_line_height=&#8221;1.8em&#8221; body_font=&#8221;Montserrat|300|||||||&#8221; body_font_size=&#8221;17px&#8221; body_line_height=&#8221;1.8em&#8221; custom_margin=&#8221;80px||0px|&#8221; custom_padding=&#8221;|||&#8221; locked=&#8221;off&#8221;][\/et_pb_blurb][et_pb_toggle title=&#8221;Koliko zna\u0161a prijavnina&#8221; _builder_version=&#8221;3.25.4&#8243; title_text_color=&#8221;#000000&#8243; title_font=&#8221;Montserrat|300|||||||&#8221; title_line_height=&#8221;1.8em&#8221; body_font=&#8221;Montserrat|300|||||||&#8221; body_font_size=&#8221;16px&#8221; body_line_height=&#8221;1.8em&#8221; background_color=&#8221;rgba(0,0,0,0)&#8221; border_width_all=&#8221;0px&#8221; custom_margin=&#8221;||0px|28px&#8221; custom_padding=&#8221;|||&#8221; locked=&#8221;off&#8221;]<\/p>\n<p>Prijavnina za tek trojk zna\u0161a 20\u20ac na ekipo, tek na 10 km pa 10\u20ac na osebo.<\/p>\n<p>[\/et_pb_toggle][et_pb_toggle title=&#8221;Kako poravnam prijavnino?&#8221; _builder_version=&#8221;3.25.4&#8243; title_text_color=&#8221;#000000&#8243; title_font=&#8221;Montserrat|300|||||||&#8221; title_line_height=&#8221;1.8em&#8221; body_font=&#8221;Montserrat|300|||||||&#8221; body_font_size=&#8221;16px&#8221; body_line_height=&#8221;1.8em&#8221; background_color=&#8221;rgba(0,0,0,0)&#8221; border_width_all=&#8221;0px&#8221; custom_margin=&#8221;||0px|28px&#8221; custom_padding=&#8221;|||&#8221; locked=&#8221;off&#8221;]<\/p>\n<p>Pla\u010dilo \u0161tartnine poravnate na TRR Turisti\u010dnega dru\u0161tva \u017detale do 5. septembra 2024:<br \/> Sklic: Srnjakov tek prijavnina &#8211; {ime teka\u010da ali ekipe}<br \/> IBAN:\u00a0SI56 6100 0002 2104 707<br \/> Referenca: SI00 00<br \/> Turisti\u010dno dru\u0161tvo \u017detale<br \/> \u017detale 1, 2287 \u017detale<\/p>\n<p>[\/et_pb_toggle][\/et_pb_column][et_pb_column type=&#8221;1_2&#8243; _builder_version=&#8221;3.25&#8243; custom_padding=&#8221;|||&#8221; custom_padding__hover=&#8221;|||&#8221;][et_pb_blurb title=&#8221;\u010cas in kraj&#8221; use_icon=&#8221;on&#8221; font_icon=&#8221;%%249%%&#8221; icon_color=&#8221;#4866ff&#8221; icon_placement=&#8221;left&#8221; use_icon_font_size=&#8221;on&#8221; _builder_version=&#8221;3.25.4&#8243; header_font=&#8221;Montserrat|500|||||||&#8221; header_line_height=&#8221;1.8em&#8221; body_font=&#8221;Montserrat|300|||||||&#8221; body_font_size=&#8221;17px&#8221; body_line_height=&#8221;1.8em&#8221; custom_margin=&#8221;1px||0px|||&#8221; custom_padding=&#8221;|||&#8221;][\/et_pb_blurb][et_pb_toggle title=&#8221;Kdaj moram biti na \u0161tartu?&#8221; _builder_version=&#8221;3.25.4&#8243; title_text_color=&#8221;#000000&#8243; title_font=&#8221;Montserrat|300|||||||&#8221; title_line_height=&#8221;1.8em&#8221; body_font=&#8221;Montserrat|300|||||||&#8221; body_font_size=&#8221;16px&#8221; body_line_height=&#8221;1.8em&#8221; background_color=&#8221;rgba(0,0,0,0)&#8221; border_width_all=&#8221;0px&#8221; custom_margin=&#8221;||0px|28px&#8221; custom_padding=&#8221;|||&#8221;]Registracija teka\u010dev se pri\u010dne ob 9. Uri, priporo\u010damo pa, da se prijavite vsaj 30 minut pred za\u010detkom teka.[\/et_pb_toggle][et_pb_toggle title=&#8221;Kje je Kamp Restavracija Gladiator?&#8221; _builder_version=&#8221;3.25.4&#8243; title_text_color=&#8221;#000000&#8243; title_font=&#8221;Montserrat|300|||||||&#8221; title_line_height=&#8221;1.8em&#8221; body_font=&#8221;Montserrat|300|||||||&#8221; body_font_size=&#8221;16px&#8221; body_line_height=&#8221;1.8em&#8221; background_color=&#8221;rgba(0,0,0,0)&#8221; border_width_all=&#8221;0px&#8221; custom_margin=&#8221;||0px|28px&#8221; custom_padding=&#8221;|||&#8221;]<\/p>\n<p>Kamp Restavracija Gladiator se nahaja na naslovu Ko\u010dice 61b, 2287 \u017detale.<\/p>\n<p>[\/et_pb_toggle][\/et_pb_column][\/et_pb_row][\/et_pb_section]<\/p>\n","protected":false},"excerpt":{"rendered":"<p>[et_pb_section fb_built=&#8221;1&#8243; admin_label=&#8221;Register&#8221; _builder_version=&#8221;3.22.3&#8243; use_background_color_gradient=&#8221;on&#8221; background_color_gradient_start=&#8221;#4866ff&#8221; background_color_gradient_end=&#8221;rgba(72,102,255,0.9)&#8221; background_color_gradient_direction=&#8221;240deg&#8221; background_color_gradient_overlays_image=&#8221;on&#8221; background_image=&#8221;https:\/\/td-zetale.net\/srnjakovtek\/wp-content\/uploads\/2019\/07\/running_image_04.jpg&#8221; background_position=&#8221;top_center&#8221; custom_padding=&#8221;0px||0px|||&#8221; animation_style=&#8221;slide&#8221; animation_direction=&#8221;bottom&#8221; animation_intensity_slide=&#8221;10%&#8221; animation_starting_opacity=&#8221;100%&#8221;][\/et_pb_section][et_pb_section fb_built=&#8221;1&#8243; admin_label=&#8221;Contact Form&#8221; _builder_version=&#8221;3.22.3&#8243; custom_padding=&#8221;32px||0px|||&#8221;][et_pb_row _builder_version=&#8221;3.25&#8243; locked=&#8221;off&#8221;][et_pb_column type=&#8221;4_4&#8243; _builder_version=&#8221;3.25&#8243; custom_padding=&#8221;|||&#8221; custom_padding__hover=&#8221;|||&#8221;][et_pb_text _builder_version=&#8221;3.25.4&#8243; text_font=&#8221;Montserrat|500||on|||||&#8221; text_text_color=&#8221;rgba(0,0,0,0.24)&#8221; text_orientation=&#8221;center&#8221;] Prijava [\/et_pb_text][et_pb_divider color=&#8221;#3d8eff&#8221; divider_weight=&#8221;3px&#8221; _builder_version=&#8221;3.2&#8243; max_width=&#8221;100px&#8221; module_alignment=&#8221;center&#8221; height=&#8221;7px&#8221;][\/et_pb_divider][et_pb_text _builder_version=&#8221;3.25.4&#8243; text_font=&#8221;||||||||&#8221; header_font=&#8221;||||||||&#8221; header_2_font=&#8221;Montserrat|500|||||||&#8221; header_2_font_size=&#8221;30px&#8221; text_orientation=&#8221;center&#8221;] Prijava na dogodek [\/et_pb_text][\/et_pb_column][\/et_pb_row][\/et_pb_section][et_pb_section fb_built=&#8221;1&#8243; _builder_version=&#8221;3.25.4&#8243; custom_padding=&#8221;51px||51px||true|&#8221;][et_pb_row custom_padding=&#8221;||3px|||&#8221; custom_margin=&#8221;-4px|auto||auto||&#8221; _builder_version=&#8221;3.25.4&#8243; [&hellip;]<\/p>\n","protected":false},"author":1,"featured_media":0,"parent":0,"menu_order":0,"comment_status":"closed","ping_status":"closed","template":"","meta":{"_et_pb_use_builder":"on","_et_pb_old_content":"","spay_email":""},"_links":{"self":[{"href":"https:\/\/td-zetale.net\/srnjakovtek\/wp-json\/wp\/v2\/pages\/212"}],"collection":[{"href":"https:\/\/td-zetale.net\/srnjakovtek\/wp-json\/wp\/v2\/pages"}],"about":[{"href":"https:\/\/td-zetale.net\/srnjakovtek\/wp-json\/wp\/v2\/types\/page"}],"author":[{"embeddable":true,"href":"https:\/\/td-zetale.net\/srnjakovtek\/wp-json\/wp\/v2\/users\/1"}],"replies":[{"embeddable":true,"href":"https:\/\/td-zetale.net\/srnjakovtek\/wp-json\/wp\/v2\/comments?post=212"}],"version-history":[{"count":38,"href":"https:\/\/td-zetale.net\/srnjakovtek\/wp-json\/wp\/v2\/pages\/212\/revisions"}],"predecessor-version":[{"id":1008,"href":"https:\/\/td-zetale.net\/srnjakovtek\/wp-json\/wp\/v2\/pages\/212\/revisions\/1008"}],"wp:attachment":[{"href":"https:\/\/td-zetale.net\/srnjakovtek\/wp-json\/wp\/v2\/media?parent=212"}],"curies":[{"name":"wp","href":"https:\/\/api.w.org\/{rel}","templated":true}]}}