{"id":361,"date":"2019-08-25T16:35:13","date_gmt":"2019-08-25T16:35:13","guid":{"rendered":"https:\/\/td-zetale.net\/srnjakovtek\/?page_id=361"},"modified":"2019-08-25T18:16:47","modified_gmt":"2019-08-25T18:16:47","slug":"pogoji","status":"publish","type":"page","link":"https:\/\/td-zetale.net\/srnjakovtek\/pogoji\/","title":{"rendered":"Pogoji prijave"},"content":{"rendered":"<p>[et_pb_section fb_built=&#8221;1&#8243; admin_label=&#8221;Hero&#8221; _builder_version=&#8221;3.22.3&#8243; custom_padding=&#8221;90px||30px|&#8221;][et_pb_row custom_margin=&#8221;|auto|2px|auto||&#8221; _builder_version=&#8221;3.25&#8243; background_size=&#8221;initial&#8221; background_position=&#8221;top_left&#8221; background_repeat=&#8221;repeat&#8221;][et_pb_column type=&#8221;4_4&#8243; _builder_version=&#8221;3.25&#8243; custom_padding=&#8221;|||&#8221; custom_padding__hover=&#8221;|||&#8221;][et_pb_text admin_label=&#8221;Title&#8221; _builder_version=&#8221;3.0.105&#8243; text_font=&#8221;||||||||&#8221; header_font=&#8221;Montserrat|500|||||||&#8221; header_text_align=&#8221;center&#8221; header_font_size=&#8221;84px&#8221; animation_style=&#8221;zoom&#8221; animation_direction=&#8221;left&#8221; animation_intensity_zoom=&#8221;10%&#8221; header_font_size_tablet=&#8221;50px&#8221; header_font_size_last_edited=&#8221;on|phone&#8221;]<\/p>\n<h1>Pogoji prijave<\/h1>\n<p>[\/et_pb_text][et_pb_divider color=&#8221;#4866ff&#8221; divider_weight=&#8221;3px&#8221; _builder_version=&#8221;3.2&#8243; max_width=&#8221;100px&#8221; module_alignment=&#8221;center&#8221; animation_style=&#8221;fade&#8221; animation_direction=&#8221;left&#8221;][\/et_pb_divider][\/et_pb_column][\/et_pb_row][et_pb_row _builder_version=&#8221;3.25.4&#8243;][et_pb_column type=&#8221;4_4&#8243; _builder_version=&#8221;3.25.4&#8243;][et_pb_text _builder_version=&#8221;3.25.4&#8243;]<\/p>\n<p>S prijavo potrjujem, da so vsi podatki na prijavnem obrazcu resni\u010dni. S prijavo izjavljam, da sem zdrav, vsestransko pripravljen za aktivno udele\u017ebo in zdravni\u0161ko pregledan. S prijavo potrjujem, da bom tekmoval na lastno odgovornost.<\/p>\n<p>Upo\u0161teval bom vsa navodila organizatorja. Seznanjen sem z vsemi nevarnostmi in tveganji v zvezi z udele\u017ebo pri tej aktivnosti, in izjavljam, da do organizatorja ne bom\u00a0uveljavljal kakr\u0161nih koli od\u0161kodninskih zahtevkov.<\/p>\n<p>S prijavo sogla\u0161am, da lahko organizatorji prireditve objavijo podatke iz prijavnice in rezultate tekmovanja v sredstvih javnega obve\u0161\u010danja, na spletni strani prireditve in na dru\u017eabnih omre\u017ejih, vklju\u010dno s fotografijami, filmskimi in video posnetki, intervjuji itd., ne da bi zato potreboval posebno dovoljenje ali za objave zahteval kakr\u0161no koli povra\u010dilo.<\/p>\n<p>Seznanjen sem, da organizator ni odgovoren za kakr\u0161no koli izgubo, materialno \u0161kodo, druge zahtevke, izdatke ali stro\u0161ke, ki bi nastali v zvezi z mojim sodelovanjem na prireditvi. Strinjam se, da bo organizator osebne podatke udele\u017eenca uporabljal in shranjeval skladno z zakonom o varstvu osebnih podatkov in Uredbo o varovanju osebnih podatkov.<\/p>\n<p>[\/et_pb_text][\/et_pb_column][\/et_pb_row][\/et_pb_section][et_pb_section fb_built=&#8221;1&#8243; admin_label=&#8221;Subscribe&#8221; _builder_version=&#8221;3.22.3&#8243; custom_padding=&#8221;31px|0px|90px|0px||&#8221;][et_pb_row _builder_version=&#8221;3.25&#8243; custom_width_px=&#8221;1440px&#8221;][et_pb_column type=&#8221;4_4&#8243; _builder_version=&#8221;3.25&#8243; custom_padding=&#8221;|||&#8221; custom_padding__hover=&#8221;|||&#8221;][et_pb_text admin_label=&#8221;Title&#8221; _builder_version=&#8221;3.0.105&#8243; text_font=&#8221;||||||||&#8221; header_font=&#8221;||||||||&#8221; header_2_font=&#8221;Montserrat|500|||||||&#8221; header_2_text_align=&#8221;center&#8221; header_2_font_size=&#8221;30px&#8221; header_2_line_height=&#8221;1.4em&#8221; animation_style=&#8221;fade&#8221;]<\/p>\n<h2>Varovanje osebnih podatkov<\/h2>\n<p>[\/et_pb_text][et_pb_text _builder_version=&#8221;3.25.4&#8243;]<\/p>\n<p>Z udele\u017ebo dovoljujem, da organizator lahko navedene osebne podatke obdeluje v svojih zbirkah ter jih uporablja za slede\u010de namene: statisti\u010dne obdelave, po\u0161iljanje ponudb in vabil na druge dogodke za elektronsko anketiranje ter zbiranje naro\u010dil.<\/p>\n<div>Z uporabo na\u0161e spletne strani sogla\u0161ate, da Turisti\u010dno dru\u0161tvo \u017detale pridobiva, hrani, obdeluje in uporablja spodnje osebne podatke:<\/div>\n<div>\u00a0<\/div>\n<div>\n<ul>\n<li>Osebne podatke s spletnih prijavnih prijavnih obrazcev za udele\u017ebo na prireditvi (ime in priimek, velikost majice, e-naslov, telefon),<\/li>\n<\/ul>\n<\/div>\n<div>\n<ul>\n<li>Osebne podatke, ki jih potrebujemo za po\u0161iljanje e-novic (e-naslov).\u00a0<\/li>\n<\/ul>\n<\/div>\n<p>Strinjam se, da navedene osebne podatke lahko organizator hrani in obdeluje neomejeno oziroma do preklica pisne privolitve udele\u017eenca. Udele\u017eencu pripadajo vse pravice skladno z Zakonom o varstvu potro\u0161nikov (Ur. l. RS, \u0161t. 20\/1998 do 126\/2007).<\/p>\n<p>[\/et_pb_text][\/et_pb_column][\/et_pb_row][\/et_pb_section]<\/p>\n","protected":false},"excerpt":{"rendered":"<p>[et_pb_section fb_built=&#8221;1&#8243; admin_label=&#8221;Hero&#8221; _builder_version=&#8221;3.22.3&#8243; custom_padding=&#8221;90px||30px|&#8221;][et_pb_row custom_margin=&#8221;|auto|2px|auto||&#8221; _builder_version=&#8221;3.25&#8243; background_size=&#8221;initial&#8221; background_position=&#8221;top_left&#8221; background_repeat=&#8221;repeat&#8221;][et_pb_column type=&#8221;4_4&#8243; _builder_version=&#8221;3.25&#8243; custom_padding=&#8221;|||&#8221; custom_padding__hover=&#8221;|||&#8221;][et_pb_text admin_label=&#8221;Title&#8221; _builder_version=&#8221;3.0.105&#8243; text_font=&#8221;||||||||&#8221; header_font=&#8221;Montserrat|500|||||||&#8221; header_text_align=&#8221;center&#8221; header_font_size=&#8221;84px&#8221; animation_style=&#8221;zoom&#8221; animation_direction=&#8221;left&#8221; animation_intensity_zoom=&#8221;10%&#8221; header_font_size_tablet=&#8221;50px&#8221; header_font_size_last_edited=&#8221;on|phone&#8221;] Pogoji prijave [\/et_pb_text][et_pb_divider color=&#8221;#4866ff&#8221; divider_weight=&#8221;3px&#8221; _builder_version=&#8221;3.2&#8243; max_width=&#8221;100px&#8221; module_alignment=&#8221;center&#8221; animation_style=&#8221;fade&#8221; animation_direction=&#8221;left&#8221;][\/et_pb_divider][\/et_pb_column][\/et_pb_row][et_pb_row _builder_version=&#8221;3.25.4&#8243;][et_pb_column type=&#8221;4_4&#8243; _builder_version=&#8221;3.25.4&#8243;][et_pb_text _builder_version=&#8221;3.25.4&#8243;] S prijavo potrjujem, da so vsi podatki na prijavnem obrazcu resni\u010dni. S prijavo izjavljam, da sem [&hellip;]<\/p>\n","protected":false},"author":1,"featured_media":0,"parent":0,"menu_order":0,"comment_status":"closed","ping_status":"closed","template":"","meta":{"_et_pb_use_builder":"on","_et_pb_old_content":"","spay_email":""},"_links":{"self":[{"href":"https:\/\/td-zetale.net\/srnjakovtek\/wp-json\/wp\/v2\/pages\/361"}],"collection":[{"href":"https:\/\/td-zetale.net\/srnjakovtek\/wp-json\/wp\/v2\/pages"}],"about":[{"href":"https:\/\/td-zetale.net\/srnjakovtek\/wp-json\/wp\/v2\/types\/page"}],"author":[{"embeddable":true,"href":"https:\/\/td-zetale.net\/srnjakovtek\/wp-json\/wp\/v2\/users\/1"}],"replies":[{"embeddable":true,"href":"https:\/\/td-zetale.net\/srnjakovtek\/wp-json\/wp\/v2\/comments?post=361"}],"version-history":[{"count":5,"href":"https:\/\/td-zetale.net\/srnjakovtek\/wp-json\/wp\/v2\/pages\/361\/revisions"}],"predecessor-version":[{"id":391,"href":"https:\/\/td-zetale.net\/srnjakovtek\/wp-json\/wp\/v2\/pages\/361\/revisions\/391"}],"wp:attachment":[{"href":"https:\/\/td-zetale.net\/srnjakovtek\/wp-json\/wp\/v2\/media?parent=361"}],"curies":[{"name":"wp","href":"https:\/\/api.w.org\/{rel}","templated":true}]}}